{"id":2931,"date":"2024-05-31T11:20:12","date_gmt":"2024-05-31T11:20:12","guid":{"rendered":"https:\/\/wins-me.com\/privacy-policy-2\/"},"modified":"2024-05-31T11:20:12","modified_gmt":"2024-05-31T11:20:12","slug":"privacy-policy-2","status":"publish","type":"page","link":"https:\/\/wins-me.com\/en\/privacy-policy-2\/","title":{"rendered":"Privacy policy"},"content":{"rendered":"<p>[et_pb_section fb_built=&#8221;1&#8243; _builder_version=&#8221;4.25.1&#8243; _module_preset=&#8221;default&#8221; global_colors_info=&#8221;{}&#8221;][et_pb_row _builder_version=&#8221;4.25.1&#8243; _module_preset=&#8221;default&#8221; global_colors_info=&#8221;{}&#8221;][et_pb_column type=&#8221;4_4&#8243; _builder_version=&#8221;4.25.1&#8243; _module_preset=&#8221;default&#8221; global_colors_info=&#8221;{}&#8221;][et_pb_text _builder_version=&#8221;4.25.1&#8243; _module_preset=&#8221;default&#8221; hover_enabled=&#8221;0&#8243; global_colors_info=&#8221;{}&#8221; sticky_enabled=&#8221;0&#8243;]<\/p>\n<h2>INFORMATIVA SUL TRATTAMENTO DEI DATI PERSONALI<\/h2>\n<h3>DATI DI NAVIGAZIONE<\/h3>\n<p>&nbsp;<\/p>\n<p>World International School S.r.l. a socio unico (di seguito WINS o il Titolare) rilascia le seguenti informazioni ai sensi dell\u2019art. 13 Regolamento UE n. 2016\/679 del 27 aprile 2016 (di seguito GDPR), per descrivere le caratteristiche dei trattamenti svolti in relazione ai dati personali dell\u2019Utente\u00a0 (di seguito anche l\u2019 \u201cInteressato\u201d), durante la navigazione sul sito web\u00a0<a href=\"https:\/\/worldinternationalschool.com\/\">https:\/\/worldinternationalschool.com\/<\/a>\u00a0(di seguito il \u201cSito\u201d).<\/p>\n<p>&nbsp;<\/p>\n<h4>Titolare del trattamento<\/h4>\n<p>Titolare del trattamento \u00e8 World International School S.r.l. a socio unico (P. IVA 09284580967) con sede in Via Michelangelo Buonarroti n. 39, 20145 Milano\u00a0\u2013 Contatti: Tel. +39 011 1972111 | Fax +39 011 1972150 |E-mail:\u00a0<a href=\"mailto:info@worldinternationalschool.com\">info@worldinternationalschool.com<\/a><\/p>\n<p>&nbsp;<\/p>\n<h4>Responsabile della protezione dei dati<\/h4>\n<p>WINS ha nominato un Responsabile per la Protezione dei Dati Personali che potr\u00e0 contattare qualora avesse domande o dubbi sulle caratteristiche e modalit\u00e0 del trattamento. Il DPO \u00e8 reperibile ai seguenti recapiti: dpowins<a href=\"mailto:@worldinternationalschool.com\">@worldinternationalschool.com<\/a>;\u00a0<a href=\"mailto:dpo_wins@pec.it\">dpo_wins@pec.it<\/a><\/p>\n<p>&nbsp;<\/p>\n<h4>Dati oggetto di trattamento<\/h4>\n<p>Il Titolare raccoglie essenzialmente i seguenti dati personali:<\/p>\n<ul>\n<li>Dati identificativi dell\u2019Utente, quali, ad esempio, gli indirizzi IP e i nomi a dominio del computer<\/li>\n<li>Dati relativi all\u2019utilizzo del Sito da parte dell\u2019Utente<\/li>\n<li>Dati forniti volontariamente dall\u2019Utente (informazioni identificative) per l\u2019accesso a determinati servizi offerti tramite il Sito, per i quali si rinvia alle apposite informative presenti nelle relative sezioni di riferimento<\/li>\n<li>I cookie sono costituiti da file di testo che si generano automaticamente nell\u2019elaboratore elettronico dell\u2019Utente in seguito alla visita di alcune pagine del Sito. Taluni di questi file (<em>cookies di sessione<\/em>) vengono rimossi in modo automatico alla chiusura del browser. Un\u2019altra tipologia di cookies, invece, viene registrata e memorizzata sul computer dell\u2019Utente (ad esempio per rendere automatica la procedura di accesso all\u2019area riservata, l\u2019Utente potr\u00e0 scegliere che i suoi dati identificativi di User-id e password siano memorizzati in uno di questi file).<\/li>\n<\/ul>\n<p>Per maggiori informazioni relative ai cookie, al loro utilizzo e come disabilitarli si rinvia all\u2019informativa cookie di seguito riportata.<\/p>\n<p>&nbsp;<\/p>\n<h4>Finalit\u00e0 del trattamento e tempo di conservazione<\/h4>\n<p>I dati personali verranno trattati per le seguenti Finalit\u00e0:<\/p>\n<ol>\n<li>Gestire la corretta fruizione del sito web<\/li>\n<li>Valutare, in forma statistica, l\u2019utilizzo del sito web da parte degli utenti<\/li>\n<li>Marketing sia diretto che profilato a mezzo di cookie di terze parti<\/li>\n<li>Accertare eventuali illeciti compiuti dagli utenti a danno di terzi o a danno del Titolare.<\/li>\n<li>Adempiere alla normativa europea e nazionale, nonch\u00e9 ai provvedimenti dell\u2019Autorit\u00e0 garante<\/li>\n<\/ol>\n<p>I dati trattati per le suddette Finalit\u00e0 verranno conservati come meglio precisato nelle relative informative (es. informativa cookie)<\/p>\n<p>&nbsp;<\/p>\n<h4>Perch\u00e9 il trattamento che svolgiamo \u00e8 lecito<\/h4>\n<p>Il trattamento \u00e8 lecito perch\u00e9 fondato sulle seguenti basi giuridiche:<\/p>\n<ul>\n<li>Interesse legittimo del Titolare (gestire la corretta fruizione del sito web ed accertare eventuali illeciti compiuti dagli utenti a danno di terzi o a danno del Titolare)<\/li>\n<li>Consenso dell\u2019Interessato espresso durante l\u2019esperienza di navigazione<\/li>\n<\/ul>\n<p>&nbsp;<\/p>\n<h4>Modalit\u00e0 del trattamento<\/h4>\n<p>I dati personali sono trattati per il perseguimento delle Finalit\u00e0 indicate nella presente informativa su supporto elettronico.<\/p>\n<p>&nbsp;<\/p>\n<h4>Natura obbligatoria o facoltativa del conferimento dei dati<\/h4>\n<p>Qualora l\u2019Utente preferisca non ricevere cookie, pu\u00f2 impedirne la trasmissione da parte del sito web mediante opportuna configurazione del proprio browser di navigazione Internet.<\/p>\n<p>In alcuni casi, per\u00f2, la fruizione di alcune parti del Sito potrebbe essere condizionata alla memorizzazione dei cookie sul computer dell\u2019Utente.<\/p>\n<p>&nbsp;<\/p>\n<h4>Categorie di soggetti ai quali i dati personali possono essere comunicati<\/h4>\n<p>Il trattamento dei dati personali fornitici potr\u00e0 essere effettuato, nel rispetto del principio della stretta indispensabilit\u00e0 dei trattamenti:<\/p>\n<ul>\n<li>dal personale dipendente del Titolare, che agisce e tratta i dati sotto l\u2019autorit\u00e0 e le istruzioni dello stesso, a norma dell\u2019art. 29 del GDPR ovvero del personale dipendente designato dal Titolare, a norma dell\u2019art. 2\u00a0<em>quaterdecies<\/em>\u00a0del D. Lgs. n. 101\/2018.<\/li>\n<li>Da persone fisiche o giuridiche la cui facolt\u00e0 di accedere ai dati personali dell\u2019Interessato sia riconosciuta da disposizioni di legge previste dal diritto dell\u2019Unione Europea o dalla legge italiana, quali, a titolo esemplificativo, autorit\u00e0 competenti e\/o organi di vigilanza per l\u2019espletamento degli obblighi di legge, e pubbliche Amministrazioni per i loro fini istituzionali.<\/li>\n<li>Da persone fisiche o giuridiche di cui il Titolare si avvale per lo svolgimento delle attivit\u00e0 strumentali al raggiungimento delle Finalit\u00e0 (come ad esempio, fornitori di software, partner cloud, datacenter, consulenti IT). I soggetti terzi che accederanno ai dati, lo faranno rispettando la normativa vigente in materia di protezione dei dati personali e le istruzioni impartite dal Titolare e saranno in ogni caso nominati dal Titolare, Responsabili esterni del trattamento.<\/li>\n<\/ul>\n<p>&nbsp;<\/p>\n<h4>Diffusione dei dati<\/h4>\n<p>I dati non verranno diffusi in alcun caso.<\/p>\n<p>&nbsp;<\/p>\n<h4>Diritti dell\u2019Interessato<\/h4>\n<p>Il GDPR garantisce all\u2019Interessato del trattamento specifici diritti e quest\u2019ultimo, per ciascun trattamento, pu\u00f2 esercitare i seguenti diritti:<\/p>\n<ul>\n<li><strong>Diritto di accesso<\/strong>: ha il diritto di ottenere una copia dei dati personali di cui siamo in possesso e che sono sottoposti a trattamento.<\/li>\n<li><strong>Diritto alla rettificazione<\/strong>: ha il diritto di rettificare i dati personali conservati dal Titolare qualora non siano aggiornati o corretti.<\/li>\n<li><strong>Diritto di opporsi<\/strong>\u00a0al trattamento di dati personali per Finalit\u00e0 commerciali: pu\u00f2 chiedere che il Titolare cessi di inviare comunicazioni commerciali in qualsiasi momento.<\/li>\n<li><strong>Diritto di opporsi<\/strong>\u00a0a decisioni basate su processi esclusivamente automatizzati: pu\u00f2 chiedere di non essere destinatario di decisioni prese in base a processi esclusivamente automatizzati, inclusa l\u2019attivit\u00e0 di profilazione.<\/li>\n<li><strong>Diritto di revocare<\/strong>\u00a0un consenso prestato: ha il diritto di revocare il consenso prestato per un determinato trattamento in qualsiasi momento.<\/li>\n<li><strong>Diritto di rivolgersi all\u2019Autorit\u00e0 Garante per la protezione dei dati personali<\/strong>: ha il diritto di rivolgersi all\u2019Autorit\u00e0\u0300 Garante per la protezione dei dati personali qualora abbia dubbi sul trattamento di dati personali operato dal Titolare.<\/li>\n<\/ul>\n<p>Il Titolare pu\u00f2 esercitare anche i seguenti diritti al ricorrere di determinate circostanze:<\/p>\n<ul>\n<li><strong>Diritto alla cancellazione<\/strong>: pu\u00f2 richiedere che il Titolare cancelli i dati personali dell\u2019Interessato qualora siano cessati gli scopi del trattamento e non sussistano interessi legittimi o norme di legge che ne impongano la continuazione.<\/li>\n<li><strong>Diritto di opporsi<\/strong>\u00a0ad un trattamento: pu\u00f2 chiedere che il Titolare cessi di svolgere un determinato trattamento sui dati personali.<\/li>\n<li><strong>Diritto di limitare<\/strong>\u00a0il trattamento: ha il diritto di richiedere che il Titolare limiti le operazioni di trattamento sui dati personali dell\u2019Interessato.<\/li>\n<li><strong>Diritto alla portabilit\u00e0<\/strong>\u00a0del dato: ha il diritto di ottenere una copia dei dati in un formato strutturato di uso comune e leggibile da dispositivo automatico da un altro Titolare.<\/li>\n<\/ul>\n<p>Per esercitare ciascuno dei citati diritti, l\u2019Interessato pu\u00f2 inviare una e-mail o scrivere al seguente indirizzo specificando la richiesta e fornendo a WINS le informazioni necessarie alla corretta identificazione del mittente (allegando anche una copia del Suo documento di identit\u00e0):<\/p>\n<ul>\n<li>via e-mail:\u00a0<a href=\"mailto:info@worldinternationalschool.com\">info@worldinternationalschool.com<\/a>.<\/li>\n<li>via posta: World International School S.r.l., Via Michelangelo Buonarroti n. 39, 20145 Milano.<\/li>\n<\/ul>\n<p>WINS risponder\u00e0 entro un mese. Se per qualche motivo WINS non riuscisse a rispondere, Le fornir\u00e0 una spiegazione dettagliata sul motivo per cui non pu\u00f2 soddisfare la Sua richiesta.<\/p>\n<p>La presente informativa potrebbe subire nel tempo delle modifiche o delle integrazioni, pertanto La invitiamo a consultare periodicamente il sito internet del Titolare \u2013\u00a0<a href=\"https:\/\/worldinternationalschool.com\/\">https:\/\/worldinternationalschool.com\/<\/a>\u00a0\u2013 per rimanere costantemente aggiornato.<\/p>\n<p>&nbsp;<\/p>\n<p>Ultima versione: aprile 2020<\/p>\n<p>[\/et_pb_text][\/et_pb_column][\/et_pb_row][\/et_pb_section]<\/p>\n","protected":false},"excerpt":{"rendered":"<p>INFORMATIVA SUL TRATTAMENTO DEI DATI PERSONALI DATI DI NAVIGAZIONE &nbsp; World International School S.r.l. a socio unico (di seguito WINS o il Titolare) rilascia le seguenti informazioni ai sensi dell\u2019art. 13 Regolamento UE n. 2016\/679 del 27 aprile 2016 (di seguito GDPR), per descrivere le caratteristiche dei trattamenti svolti in relazione ai dati personali dell\u2019Utente\u00a0 [&hellip;]<\/p>\n","protected":false},"author":4,"featured_media":0,"parent":0,"menu_order":0,"comment_status":"closed","ping_status":"closed","template":"","meta":{"_et_pb_use_builder":"on","_et_pb_old_content":"","_et_gb_content_width":"","footnotes":""},"class_list":["post-2931","page","type-page","status-publish","hentry"],"acf":[],"yoast_head":"<!-- This site is optimized with the Yoast SEO plugin v27.3 - https:\/\/yoast.com\/product\/yoast-seo-wordpress\/ -->\n<title>Privacy policy - Wins Me<\/title>\n<meta name=\"robots\" content=\"index, follow, max-snippet:-1, max-image-preview:large, max-video-preview:-1\" \/>\n<link rel=\"canonical\" href=\"https:\/\/wins-me.com\/en\/privacy-policy-2\/\" \/>\n<meta property=\"og:locale\" content=\"en_US\" \/>\n<meta property=\"og:type\" content=\"article\" \/>\n<meta property=\"og:title\" content=\"Privacy policy - Wins Me\" \/>\n<meta property=\"og:description\" content=\"INFORMATIVA SUL TRATTAMENTO DEI DATI PERSONALI DATI DI NAVIGAZIONE &nbsp; World International School S.r.l. a socio unico (di seguito WINS o il Titolare) rilascia le seguenti informazioni ai sensi dell\u2019art. 13 Regolamento UE n. 2016\/679 del 27 aprile 2016 (di seguito GDPR), per descrivere le caratteristiche dei trattamenti svolti in relazione ai dati personali dell\u2019Utente\u00a0 [&hellip;]\" \/>\n<meta property=\"og:url\" content=\"https:\/\/wins-me.com\/en\/privacy-policy-2\/\" \/>\n<meta property=\"og:site_name\" content=\"Wins Me\" \/>\n<meta name=\"twitter:card\" content=\"summary_large_image\" \/>\n<meta name=\"twitter:label1\" content=\"Est. reading time\" \/>\n\t<meta name=\"twitter:data1\" content=\"7 minutes\" \/>\n<script type=\"application\/ld+json\" class=\"yoast-schema-graph\">{\"@context\":\"https:\\\/\\\/schema.org\",\"@graph\":[{\"@type\":\"WebPage\",\"@id\":\"https:\\\/\\\/wins-me.com\\\/en\\\/privacy-policy-2\\\/\",\"url\":\"https:\\\/\\\/wins-me.com\\\/en\\\/privacy-policy-2\\\/\",\"name\":\"Privacy policy - Wins Me\",\"isPartOf\":{\"@id\":\"https:\\\/\\\/wins-me.com\\\/en\\\/#website\"},\"datePublished\":\"2024-05-31T11:20:12+00:00\",\"breadcrumb\":{\"@id\":\"https:\\\/\\\/wins-me.com\\\/en\\\/privacy-policy-2\\\/#breadcrumb\"},\"inLanguage\":\"en-US\",\"potentialAction\":[{\"@type\":\"ReadAction\",\"target\":[\"https:\\\/\\\/wins-me.com\\\/en\\\/privacy-policy-2\\\/\"]}]},{\"@type\":\"BreadcrumbList\",\"@id\":\"https:\\\/\\\/wins-me.com\\\/en\\\/privacy-policy-2\\\/#breadcrumb\",\"itemListElement\":[{\"@type\":\"ListItem\",\"position\":1,\"name\":\"Home\",\"item\":\"https:\\\/\\\/wins-me.com\\\/en\\\/\"},{\"@type\":\"ListItem\",\"position\":2,\"name\":\"Privacy policy\"}]},{\"@type\":\"WebSite\",\"@id\":\"https:\\\/\\\/wins-me.com\\\/en\\\/#website\",\"url\":\"https:\\\/\\\/wins-me.com\\\/en\\\/\",\"name\":\"Wins Me\",\"description\":\"Outstanding IB DP Revision Courses Distinguished IB BP Teachers On-site &amp; Online Classes\",\"potentialAction\":[{\"@type\":\"SearchAction\",\"target\":{\"@type\":\"EntryPoint\",\"urlTemplate\":\"https:\\\/\\\/wins-me.com\\\/en\\\/?s={search_term_string}\"},\"query-input\":{\"@type\":\"PropertyValueSpecification\",\"valueRequired\":true,\"valueName\":\"search_term_string\"}}],\"inLanguage\":\"en-US\"}]}<\/script>\n<!-- \/ Yoast SEO plugin. -->","yoast_head_json":{"title":"Privacy policy - Wins Me","robots":{"index":"index","follow":"follow","max-snippet":"max-snippet:-1","max-image-preview":"max-image-preview:large","max-video-preview":"max-video-preview:-1"},"canonical":"https:\/\/wins-me.com\/en\/privacy-policy-2\/","og_locale":"en_US","og_type":"article","og_title":"Privacy policy - Wins Me","og_description":"INFORMATIVA SUL TRATTAMENTO DEI DATI PERSONALI DATI DI NAVIGAZIONE &nbsp; World International School S.r.l. a socio unico (di seguito WINS o il Titolare) rilascia le seguenti informazioni ai sensi dell\u2019art. 13 Regolamento UE n. 2016\/679 del 27 aprile 2016 (di seguito GDPR), per descrivere le caratteristiche dei trattamenti svolti in relazione ai dati personali dell\u2019Utente\u00a0 [&hellip;]","og_url":"https:\/\/wins-me.com\/en\/privacy-policy-2\/","og_site_name":"Wins Me","twitter_card":"summary_large_image","twitter_misc":{"Est. reading time":"7 minutes"},"schema":{"@context":"https:\/\/schema.org","@graph":[{"@type":"WebPage","@id":"https:\/\/wins-me.com\/en\/privacy-policy-2\/","url":"https:\/\/wins-me.com\/en\/privacy-policy-2\/","name":"Privacy policy - Wins Me","isPartOf":{"@id":"https:\/\/wins-me.com\/en\/#website"},"datePublished":"2024-05-31T11:20:12+00:00","breadcrumb":{"@id":"https:\/\/wins-me.com\/en\/privacy-policy-2\/#breadcrumb"},"inLanguage":"en-US","potentialAction":[{"@type":"ReadAction","target":["https:\/\/wins-me.com\/en\/privacy-policy-2\/"]}]},{"@type":"BreadcrumbList","@id":"https:\/\/wins-me.com\/en\/privacy-policy-2\/#breadcrumb","itemListElement":[{"@type":"ListItem","position":1,"name":"Home","item":"https:\/\/wins-me.com\/en\/"},{"@type":"ListItem","position":2,"name":"Privacy policy"}]},{"@type":"WebSite","@id":"https:\/\/wins-me.com\/en\/#website","url":"https:\/\/wins-me.com\/en\/","name":"Wins Me","description":"Outstanding IB DP Revision Courses Distinguished IB BP Teachers On-site &amp; Online Classes","potentialAction":[{"@type":"SearchAction","target":{"@type":"EntryPoint","urlTemplate":"https:\/\/wins-me.com\/en\/?s={search_term_string}"},"query-input":{"@type":"PropertyValueSpecification","valueRequired":true,"valueName":"search_term_string"}}],"inLanguage":"en-US"}]}},"_links":{"self":[{"href":"https:\/\/wins-me.com\/en\/wp-json\/wp\/v2\/pages\/2931","targetHints":{"allow":["GET"]}}],"collection":[{"href":"https:\/\/wins-me.com\/en\/wp-json\/wp\/v2\/pages"}],"about":[{"href":"https:\/\/wins-me.com\/en\/wp-json\/wp\/v2\/types\/page"}],"author":[{"embeddable":true,"href":"https:\/\/wins-me.com\/en\/wp-json\/wp\/v2\/users\/4"}],"replies":[{"embeddable":true,"href":"https:\/\/wins-me.com\/en\/wp-json\/wp\/v2\/comments?post=2931"}],"version-history":[{"count":0,"href":"https:\/\/wins-me.com\/en\/wp-json\/wp\/v2\/pages\/2931\/revisions"}],"wp:attachment":[{"href":"https:\/\/wins-me.com\/en\/wp-json\/wp\/v2\/media?parent=2931"}],"curies":[{"name":"wp","href":"https:\/\/api.w.org\/{rel}","templated":true}]}}