{"id":2938,"date":"2021-01-28T08:50:47","date_gmt":"2021-01-28T08:50:47","guid":{"rendered":"https:\/\/wins-me.com\/policy-cv\/"},"modified":"2024-06-14T10:36:46","modified_gmt":"2024-06-14T10:36:46","slug":"policy-cv","status":"publish","type":"page","link":"https:\/\/wins-me.com\/en\/policy-cv\/","title":{"rendered":"Informativa sul trattamento dei dati personali &#8211; CV"},"content":{"rendered":"<p>[et_pb_section fb_built=&#8221;1&#8243; _builder_version=&#8221;4.16&#8243; global_colors_info=&#8221;{}&#8221;][et_pb_row _builder_version=&#8221;4.16&#8243; background_size=&#8221;initial&#8221; background_position=&#8221;top_left&#8221; background_repeat=&#8221;repeat&#8221; global_colors_info=&#8221;{}&#8221;][et_pb_column type=&#8221;4_4&#8243; _builder_version=&#8221;4.16&#8243; custom_padding=&#8221;|||&#8221; global_colors_info=&#8221;{}&#8221; custom_padding__hover=&#8221;|||&#8221;][et_pb_text _builder_version=&#8221;4.25.1&#8243; background_size=&#8221;initial&#8221; background_position=&#8221;top_left&#8221; background_repeat=&#8221;repeat&#8221; global_colors_info=&#8221;{}&#8221;]<\/p>\n<h2>INFORMATIVA SUL TRATTAMENTO DEI DATI PERSONALI<\/h2>\n<h3>CANDIDATURA<\/h3>\n<p>&nbsp;<\/p>\n<p>World International School S.r.l. a socio unico (di seguito WINS o il Titolare) rilascia le seguenti informazioni ai sensi dell\u2019art. 13 Regolamento UE n. 2016\/679 del 27 aprile 2016 (di seguito GDPR), per descrivere le caratteristiche dei trattamenti svolti in relazione ai Suoi dati personali e dei Suoi familiari e le misure adottate al fine di tutelarne i diritti.<\/p>\n<p>&nbsp;<\/p>\n<h4>Titolare del trattamento<\/h4>\n<p>Titolare del trattamento \u00e8 World International School S.r.l. a socio unico (P. IVA 09284580967) con sede in Via Michelangelo Buonarroti n. 39, 20145 Milano\u00a0\u2013 Contatti: Tel. +39 011 1972111 | Fax +39 011 1972150 |E-mail:\u00a0<a href=\"mailto:info@worldinternationalschool.com\">info@worldinternationalschool.com<\/a><\/p>\n<p>&nbsp;<\/p>\n<h4>Responsabile della protezione dei dati<\/h4>\n<p>WINS ha nominato un Responsabile per la Protezione dei Dati Personali che potr\u00e0 contattare qualora avesse domande o dubbi sulle caratteristiche e modalit\u00e0 del trattamento. Il DPO \u00e8 reperibile ai seguenti recapiti: <u>dpowins<a href=\"mailto:@worldinternationalschool.com\">@worldinternationalschool.com<\/a><\/u>; <a href=\"mailto:dpo_wins@pec.it\">dpo_wins@pec.it<\/a><\/p>\n<p>&nbsp;<\/p>\n<h4>Dati oggetto di trattamento<\/h4>\n<p>WINS raccoglie essenzialmente i seguenti dati personali:<\/p>\n<ul>\n<li><em>dati anagrafici<\/em><\/li>\n<li><em>dati di contatto<\/em><\/li>\n<li><em>dati inerenti al lavoro<\/em><\/li>\n<li><em>dati inerenti all\u2019istruzione<\/em><\/li>\n<li><em>dati relativi allo stato di salute, solamente se comunicati dall\u2019Interessato.<\/em><\/li>\n<\/ul>\n<p>&nbsp;<\/p>\n<h4>Finalit\u00e0 del trattamento e tempo di conservazione<\/h4>\n<p>I dati personali verranno trattati per la seguente finalit\u00e0:<\/p>\n<ol>\n<li>valutare l\u2019opportunit\u00e0 di instaurare con un rapporto lavorativo. Questi dati verranno conservati fino al raggiungimento della Finalit\u00e0 e comunque per un periodo di tempo non superiore a dodici mesi.<\/li>\n<\/ol>\n<p><strong>\u00a0<\/strong><\/p>\n<h4>Perch\u00e9 il trattamento che svolgiamo \u00e8 lecito<\/h4>\n<p>Il trattamento \u00e8 lecito poich\u00e9 \u00e8 fondato sulla seguente base giuridica:<\/p>\n<ul>\n<li>misure precontrattuali adottate su richiesta dell\u2019Interessato.<\/li>\n<\/ul>\n<p><strong>\u00a0<\/strong><\/p>\n<h4>Modalit\u00e0 del trattamento<\/h4>\n<p>I dati personali sono trattati sia in modalit\u00e0 cartacea che elettronica (server, database in cloud, software applicativi etc.).<\/p>\n<p>I dati personali potranno essere trasferiti in Paesi extra UE, il cui livello di protezione dei dati \u00e8 stato ritenuto adeguato dalla Commissione Europea ai sensi dell\u2019art. 45 del GDPR (Canada, USA).<\/p>\n<p>&nbsp;<\/p>\n<h4>Natura facoltativa o obbligatoria del conferimento dei dati<\/h4>\n<p>Il conferimento dei dati richiesti dalla lettera (a) delle \u201cFinalit\u00e0 del trattamento \u00e8 <u>facoltativo<\/u> e il mancato conferimento degli stessi impedir\u00e0 a WINS di poter valutare la candidatura.<\/p>\n<p>&nbsp;<\/p>\n<h4>Categorie di soggetti ai quali i dati personali possono essere comunicati<\/h4>\n<p>Il trattamento dei dati personali fornitici potr\u00e0 essere effettuato, nel rispetto del principio della stretta indispensabilit\u00e0 dei trattamenti:<\/p>\n<ul>\n<li>dal personale dipendente di WINS, che agisce e tratta i dati sotto l\u2019autorit\u00e0 e le istruzioni del Titolare, a norma dell\u2019art. 29 del GDPR ovvero del personale dipendente designato dal Titolare, a norma dell\u2019art. 2 <em>quaterdecies<\/em> del D. Lgs. n. 101\/2018.<\/li>\n<li>Da persone fisiche o giuridiche la cui facolt\u00e0 di accedere ai Suoi dati personali sia riconosciuta da disposizioni di legge previste dal diritto dell\u2019Unione Europea o dalla legge italiana, quali, a titolo esemplificativo, autorit\u00e0 competenti e\/o organi di vigilanza per l\u2019espletamento degli obblighi di legge, e pubbliche Amministrazioni per i loro fini istituzionali.<\/li>\n<li>Da persone fisiche o giuridiche di cui il Titolare si avvale per lo svolgimento delle attivit\u00e0 strumentali al raggiungimento delle Finalit\u00e0 di cui sopra (a titolo meramente esemplificativo: fornitori di servizi informatici e di applicativi, servizi di vigilanza) o a cui WINS sia tenuta a comunicare i dati, in forza di obblighi legali o contrattuali. I fornitori di servizi nominati responsabili esterni dei dati saranno soggetti a obblighi contrattuali e normativi al fine di mantenere la riservatezza dei dati e avranno unicamente accesso a quelle informazioni necessarie per lo svolgimento delle proprie funzioni.<\/li>\n<\/ul>\n<p>&nbsp;<\/p>\n<h4>Diffusione dei dati<\/h4>\n<p>I dati trattati non saranno diffusi, venduti o scambiati con soggetti terzi.<\/p>\n<p>&nbsp;<\/p>\n<h4>Diritti dell\u2019Interessato<\/h4>\n<p>In relazione al trattamento dei dati personali, ai sensi del GDPR, l\u2019Interessato ha i seguenti diritti:<\/p>\n<ul>\n<li><strong>Diritto di accesso:<\/strong> ha diritto di ottenere una copia dei propri dati personali di cui WINS \u00e8 in possesso e che sono sottoposti a trattamento.<\/li>\n<li><strong>Diritto alla rettificazione<\/strong>: ha diritto di rettificare i dati personali conservati da WINS qualora non siano aggiornati o corretti.<\/li>\n<li><strong>Diritto di revocare<\/strong> un consenso prestato: pu\u00f2 inoltre revocare il consenso prestato per un determinato trattamento in qualsiasi momento.<\/li>\n<li><strong>Diritto a rivolgersi alla Autorit\u00e0 Garante per la protezione dei dati personali<\/strong>, qualora abbia dubbi sul trattamento dei dati personali operato da WINS.<\/li>\n<\/ul>\n<p>L\u2019Interessato pu\u00f2 inoltre esercitare i seguenti diritti al ricorrere di determinate circostanze:<\/p>\n<ul>\n<li><strong>Diritto alla cancellazione<\/strong>: pu\u00f2 chiedere che WINS cancelli i dati personali qualora siano cessati gli scopi del trattamento e non sussistano interessi legittimi o norme di legge che ne impongano la continuazione.<\/li>\n<li><strong>Diritto di opporsi ad un trattamento<\/strong>: pu\u00f2 chiedere che WINS cessi di svolgere un determinato trattamento dei dati personali. Non si applica il diritto di opposizione quando il trattamento dei dati si svolge su base contrattuale.<\/li>\n<li><strong>Diritto alla portabilit\u00e0 del dato<\/strong>: ha il diritto di ottenere una copia dei dati personali in un formato strutturato di uso comune e leggibile da dispositivo automatico e ha il diritto di ottenere la trasmissione diretta dei dati personali da un titolare all\u2019altro senza impedimenti.<\/li>\n<li><strong>Diritto di limitare il trattamento<\/strong>: ha il diritto di richiedere che WINS limiti le operazioni di trattamento sui propri dati personali.<\/li>\n<\/ul>\n<p>Per esercitare ciascuno dei citati diritti, l\u2019Interessato pu\u00f2 inviare una e-mail o scrivere al seguente indirizzo specificando la richiesta e fornendo a WINS le informazioni necessarie alla corretta identificazione del mittente (allegando anche una copia del Suo documento di identit\u00e0) ai seguenti recapiti:<\/p>\n<ul>\n<li>via e-mail, <a href=\"mailto:info@worldinternationalschool.com\">info@worldinternationalschool.com<\/a>.<\/li>\n<li>via posta, World International School S.r.l., Via Michelangelo Buonarroti n. 39, 20145 Milano.<\/li>\n<\/ul>\n<p>WINS risponder\u00e0 entro un mese. Se per qualche motivo WINS non riuscisse a rispondere, Le fornir\u00e0 una spiegazione dettagliata sul motivo per cui non pu\u00f2 soddisfare la Sua richiesta.<\/p>\n<p>La presente informativa potrebbe subire nel tempo delle modifiche o delle integrazioni, pertanto La invitiamo a consultare periodicamente il sito internet del Titolare &#8211; <a href=\"https:\/\/worldinternationalschool.com\/\">https:\/\/worldinternationalschool.com\/<\/a> &#8211; per rimanere costantemente aggiornato.<\/p>\n<p>&nbsp;<\/p>\n<p>Ultima versione: aprile 2020<\/p>\n<p>[\/et_pb_text][\/et_pb_column][\/et_pb_row][\/et_pb_section]<\/p>\n","protected":false},"excerpt":{"rendered":"<p>INFORMATIVA SUL TRATTAMENTO DEI DATI PERSONALI CANDIDATURA &nbsp; World International School S.r.l. a socio unico (di seguito WINS o il Titolare) rilascia le seguenti informazioni ai sensi dell\u2019art. 13 Regolamento UE n. 2016\/679 del 27 aprile 2016 (di seguito GDPR), per descrivere le caratteristiche dei trattamenti svolti in relazione ai Suoi dati personali e dei [&hellip;]<\/p>\n","protected":false},"author":3,"featured_media":0,"parent":0,"menu_order":240,"comment_status":"closed","ping_status":"closed","template":"","meta":{"_et_pb_use_builder":"on","_et_pb_old_content":"<strong>Premessa<\/strong>\r\n\r\nWinsMe S.r.l. a socio unico (di seguito anche \u201cWinsMe\u201d o il \u201cTitolare\u201d) svolge attivit\u00e0 di formazione in lingua inglese e spagnolo, dedicandosi in particolare ad offrire agli studenti fino alla maggiore et\u00e0, servizi dedicati a corsi di revisione collegati al percorso International Baccalaureate del Diploma Programme.\r\n\r\nWinsMe \u00e8 attenta a garantire, in ogni attivit\u00e0 di trattamento, la protezione dei dati personali delle persone che utilizzano i servizi offerti.\r\n\r\nLa presente informativa descrive le caratteristiche dei trattamenti svolti da WinsMe sui dati personali del candidato e le misure adottare al fine di tutelarne i diritti.\r\n\r\n<strong>Titolare del trattamento <\/strong>\r\n\r\nTitolare del trattamento \u00e8 WinsMe S.r.l. a socio unico (P. IVA 10545840968) con sede in Via Michelangelo Buonarroti n. 39, 20145 Milano\u00a0\u2013 Contatti: e-mail:\u00a0privacy@winsme.com\r\n\r\n<strong>Dati oggetto del trattamento<\/strong>\r\n\r\nIl Titolare raccoglie essenzialmente i seguenti dati personali:\r\n<ul>\r\n \t<li>dati anagrafici<\/li>\r\n \t<li>Dati inerenti esperienze lavorative<\/li>\r\n \t<li>Dati relativi all'istruzione<\/li>\r\n \t<li>Dati di contatto<\/li>\r\n \t<li>Immagine a corredo del curriculum<\/li>\r\n<\/ul>\r\nNonch\u00e9 in generale le informazioni relative alle esperienze professionali rese dal Candidato sotto forma di curriculum vitae e\/o lettera di presentazione.\r\n\r\nAi fini della presente Informativa, la raccolta riguarder\u00e0 solo i dati comuni. Il Candidato non dovr\u00e0, pertanto, comunicare dati appartenenti a particolari categorie (es. dati inerenti allo stato di salute).\r\n\r\nIn ogni caso, il Titolare tratter\u00e0 i soli dati rilevanti e strettamente indispensabili all\u2019instaurazione dell\u2019eventuale rapporto di lavoro.\r\n\r\nQualora la posizione di lavoro offerta sia rivolta a categorie protette e\/o la candidatura spontanea provenga da soggetto appartenente a una categoria protetta, il Titolare potr\u00e0 utilizzare i dati appartenenti a particolari categorie dell\u2019Interessato nei soli ed esclusivi limiti dell\u2019instaurazione del rapporto lavorativo. Ogni eventuale dato appartenente a particolari categorie, comunicato spontaneamente dall\u2019Interessato tramite il CV e\/o durante il colloquio sar\u00e0 trattato solo ed esclusivamente ove necessario ai fini del possibile instaurando rapporto di lavoro.\r\n\r\n<strong>Perch\u00e9 il trattamento che svolgiamo \u00e8 lecito<\/strong>\r\n\r\nIl trattamento \u00e8 lecito perch\u00e9 fondato sulla seguente base giuridica:\r\n<ul>\r\n \t<li>esecuzione di misure precontrattuali adottate su richiesta dell\u2019Interessato.<\/li>\r\n<\/ul>\r\n<strong>Finalit\u00e0 del trattamento e liceit\u00e0 del trattamento <\/strong>\r\n\r\nI dati personali verranno trattati per la seguente finalit\u00e0:\r\n<ol type=\"a\">\r\n \t<li>valutare l\u2019eventuale possibilit\u00e0 di instaurare un rapporto di collaborazione. La legittimazione giuridica del trattamento \u00e8 rinvenibile nell\u2019esecuzione di un\u2019obbligazione precontrattuale intercorrente tra il Titolare e l\u2019interessato;<\/li>\r\n \t<li>gestire il processo di selezione. La legittimazione giuridica del trattamento \u00e8 rinvenibile nell\u2019esecuzione di un\u2019obbligazione precontrattuale intercorrente tra il Titolare e l\u2019interessato.<\/li>\r\n<\/ol>\r\nIl consenso al trattamento dei dati non \u00e8 richiesto ai sensi dell\u2019art. 111 bis del D. Lgs 196\/03 (cos\u00ec come modificato dal d.lgs. 101\/2018), perseguendo il Titolare lo scopo esclusivo di valutazione del curriculum ai fini dell\u2019instaurazione di un rapporto di collaborazione\r\n\r\n<strong>Modalit\u00e0 del trattamento e luogo di conservazione<\/strong>\r\n\r\nI dati personali sono trattati sia in modalit\u00e0 cartacea che elettronica (es: server, database in cloud, software applicativi).\r\n\r\nI dati verranno conservati all\u2019interno dello spazio economico europeo. Nel caso in cui il trasferimento dovesse essere effettuato al di fuori dello spazio Economico Europeo, lo stesso sar\u00e0 sottoposto a garanzie adeguate ai sensi dell\u2019art. 46, comma 2 lettere b, c d, del Regolamento EU 679\/2016 (GDPR).\r\n\r\n<strong>Tempo di conservazione<\/strong>\r\n\r\nI dati personali trattati saranno conservati per il periodo strettamente necessario al perseguimento della Finalit\u00e0 per cui sono stati raccolti.\r\n\r\nIl Titolare potr\u00e0 tuttavia conservare i dati personali anche successivamente, ove ritenga che continuino a sussistere ulteriori finalit\u00e0 connesse a interessi di ricerca e selezione del personale.\r\n\r\nIn ogni caso, per l\u2019ipotesi di:\r\n<ul>\r\n \t<li>candidatura spontanea, i dati personali dell\u2019Interessato verranno conservati per 12 mesi dalla ricezione del curriculum;<\/li>\r\n \t<li>risposta a specifici annunci di ricerca e selezione del personale pubblicati dal Titolare e\/o per suo conto da terze parti, i dati personali verranno conservati fintanto che l\u2019offerta rester\u00e0 valida. Dopodich\u00e9, trascorsi sei mesi dalla cessazione di validit\u00e0 dell\u2019offerta i dati personali verranno cancellati.<\/li>\r\n<\/ul>\r\n<strong>Natura facoltativa o obbligatoria del conferimento dei dati<\/strong>\r\n\r\nIl conferimento dei dati per le Finalit\u00e0 previste alle lettere (a), (b) \u00e8 <strong>facoltativo<\/strong> ed il rifiuto al conferimento degli stessi, comporter\u00e0 per il Titolare l\u2019impossibilit\u00e0 di valutare la candidatura e di avviare quindi una possibile collaborazione lavorativa.\r\n\r\n<strong>Categorie di soggetti ai quali i dati personali possono essere comunicati<\/strong>\r\n\r\nIl trattamento dei dati personali fornitici potr\u00e0 essere effettuato, nel rispetto del principio della stretta indispensabilit\u00e0 dei trattamenti:\r\n<ul>\r\n \t<li>dal personale dipendente di WinsMe, che agisce e tratta i dati sotto l\u2019autorit\u00e0 e le istruzioni del Titolare, a norma dell\u2019art. 29 del GDPR ovvero del personale dipendente designato dal Titolare, a norma dell\u2019art. 2 <em>quaterdecies<\/em> del D. Lgs. n. 101\/2018.<\/li>\r\n \t<li>Da Enti pubblici in adempimento ad obblighi di legge.<\/li>\r\n \t<li>Da persone fisiche o giuridiche di cui il Titolare si avvale per lo svolgimento delle attivit\u00e0 strumentali al raggiungimento delle Finalit\u00e0 di cui sopra (a titolo meramente esemplificativo: provider, fornitori di servizi IT) o a cui WinsMe sia tenuta a comunicare i dati, in forza di obblighi legali o contrattuali. I fornitori di servizi nominati responsabili esterni dei dati saranno soggetti a obblighi contrattuali e normativi al fine di mantenere la riservatezza dei dati e avranno unicamente accesso a quelle informazioni necessarie per lo svolgimento delle proprie funzioni.<\/li>\r\n<\/ul>\r\n<strong>Diffusione dei dati<\/strong>\r\n\r\nI dati personali non verranno diffusi in alcun caso.\r\n\r\n<strong>Diritti dell\u2019Interessato<\/strong>\r\n\r\nIn relazione al trattamento dei dati personali, ai sensi del GDPR, l\u2019Interessato ha i seguenti diritti:\r\n<ul>\r\n \t<li><strong>Diritto di accesso<\/strong>: ha diritto di ottenere una copia dei dati personali di cui il Titolare \u00e8 in possesso e che sono sottoposti a trattamento.<\/li>\r\n \t<li><strong>Diritto alla rettificazione<\/strong>: ha diritto di rettificare i dati personali conservati dal Titolare qualora non siano aggiornati o corretti.<\/li>\r\n \t<li><strong>Diritto di revocare un consenso prestato<\/strong>: pu\u00f2 inoltre revocare il consenso prestato per un determinato trattamento in qualsiasi momento.<\/li>\r\n \t<li><strong>Diritto a rivolgersi alla Autorit\u00e0 Garante<\/strong> <strong>per la protezione dei dati personali<\/strong>, qualora abbia dubbi sul trattamento dei dati personali operato dal Titolare.<\/li>\r\n<\/ul>\r\nL\u2019Interessato pu\u00f2 inoltre esercitare i seguenti diritti al ricorrere di determinate circostanze:\r\n<ul>\r\n \t<li><strong>Diritto alla cancellazione<\/strong>: pu\u00f2 chiedere che il Titolare cancelli i dati personali qualora siano cessati gli scopi del trattamento e non sussistano interessi legittimi o norme di legge che ne impongano la continuazione.<\/li>\r\n \t<li><strong>Diritto di opporsi ad un trattamento<\/strong>: pu\u00f2\u0300 chiedere che il Titolare cessi di svolgere un determinato trattamento dei dati personali. Non si applica il diritto di opposizione quando il trattamento dei dati si svolge su base contrattuale.<\/li>\r\n \t<li><strong>Diritto alla portabilit\u00e0 del dato<\/strong>: ha il diritto di ottenere una copia dei dati personali in un formato strutturato di uso comune e leggibile da dispositivo automatico e ha il diritto di ottenere la trasmissione diretta dei dati personali da un titolare all\u2019altro senza impedimenti.<\/li>\r\n \t<li><strong>Diritto di limitare il trattamento<\/strong>: ha il diritto di richiedere che il titolare limiti le operazioni di trattamento sui propri dati personali.<\/li>\r\n<\/ul>\r\nPer esercitare ciascuno dei citati diritti, l\u2019Interessato pu\u00f2 inviare una e-mail o scrivere al seguente indirizzo specificando la richiesta e fornendo al Titolare le informazioni necessarie alla corretta identificazione del mittente (allegando anche una copia del documento di identit\u00e0) ai seguenti recapiti:\r\n<ul>\r\n \t<li>via e-mail privacy@wins-me.com<\/li>\r\n \t<li>via posta, Via Michelangelo Buonarroti n. 39, 20145 Milano.<\/li>\r\n<\/ul>\r\nLa risposta verr\u00e0 fornita entro un mese. Se per qualche motivo il Titolare non riuscisse a rispondere, verr\u00e0 fornita una spiegazione dettagliata sul motivo per cui non pu\u00f2 soddisfare la richiesta.\r\n\r\nLa presente informativa potrebbe subire nel tempo delle modifiche o delle integrazioni, pertanto La invitiamo a consultare periodicamente il sito internet www.wins-me.com per rimanere costantemente aggiornato.\r\n\r\nVersione 01 \u2013 Dicembre 2021","_et_gb_content_width":"","footnotes":""},"class_list":["post-2938","page","type-page","status-publish","hentry"],"acf":[],"yoast_head":"<!-- This site is optimized with the Yoast SEO plugin v27.3 - https:\/\/yoast.com\/product\/yoast-seo-wordpress\/ -->\n<title>Informativa sul trattamento dei dati personali - CV - Wins Me<\/title>\n<meta name=\"robots\" content=\"index, follow, max-snippet:-1, max-image-preview:large, max-video-preview:-1\" \/>\n<link rel=\"canonical\" href=\"https:\/\/wins-me.com\/en\/policy-cv\/\" \/>\n<meta property=\"og:locale\" content=\"en_US\" \/>\n<meta property=\"og:type\" content=\"article\" \/>\n<meta property=\"og:title\" content=\"Informativa sul trattamento dei dati personali - CV - Wins Me\" \/>\n<meta property=\"og:description\" content=\"INFORMATIVA SUL TRATTAMENTO DEI DATI PERSONALI CANDIDATURA &nbsp; World International School S.r.l. a socio unico (di seguito WINS o il Titolare) rilascia le seguenti informazioni ai sensi dell\u2019art. 13 Regolamento UE n. 2016\/679 del 27 aprile 2016 (di seguito GDPR), per descrivere le caratteristiche dei trattamenti svolti in relazione ai Suoi dati personali e dei [&hellip;]\" \/>\n<meta property=\"og:url\" content=\"https:\/\/wins-me.com\/en\/policy-cv\/\" \/>\n<meta property=\"og:site_name\" content=\"Wins Me\" \/>\n<meta property=\"article:modified_time\" content=\"2024-06-14T10:36:46+00:00\" \/>\n<meta name=\"twitter:card\" content=\"summary_large_image\" \/>\n<meta name=\"twitter:label1\" content=\"Est. reading time\" \/>\n\t<meta name=\"twitter:data1\" content=\"5 minutes\" \/>\n<script type=\"application\/ld+json\" class=\"yoast-schema-graph\">{\"@context\":\"https:\\\/\\\/schema.org\",\"@graph\":[{\"@type\":\"WebPage\",\"@id\":\"https:\\\/\\\/wins-me.com\\\/en\\\/policy-cv\\\/\",\"url\":\"https:\\\/\\\/wins-me.com\\\/en\\\/policy-cv\\\/\",\"name\":\"Informativa sul trattamento dei dati personali - CV - Wins Me\",\"isPartOf\":{\"@id\":\"https:\\\/\\\/wins-me.com\\\/en\\\/#website\"},\"datePublished\":\"2021-01-28T08:50:47+00:00\",\"dateModified\":\"2024-06-14T10:36:46+00:00\",\"breadcrumb\":{\"@id\":\"https:\\\/\\\/wins-me.com\\\/en\\\/policy-cv\\\/#breadcrumb\"},\"inLanguage\":\"en-US\",\"potentialAction\":[{\"@type\":\"ReadAction\",\"target\":[\"https:\\\/\\\/wins-me.com\\\/en\\\/policy-cv\\\/\"]}]},{\"@type\":\"BreadcrumbList\",\"@id\":\"https:\\\/\\\/wins-me.com\\\/en\\\/policy-cv\\\/#breadcrumb\",\"itemListElement\":[{\"@type\":\"ListItem\",\"position\":1,\"name\":\"Home\",\"item\":\"https:\\\/\\\/wins-me.com\\\/en\\\/\"},{\"@type\":\"ListItem\",\"position\":2,\"name\":\"Informativa sul trattamento dei dati personali &#8211; CV\"}]},{\"@type\":\"WebSite\",\"@id\":\"https:\\\/\\\/wins-me.com\\\/en\\\/#website\",\"url\":\"https:\\\/\\\/wins-me.com\\\/en\\\/\",\"name\":\"Wins Me\",\"description\":\"Outstanding IB DP Revision Courses Distinguished IB BP Teachers On-site &amp; Online Classes\",\"potentialAction\":[{\"@type\":\"SearchAction\",\"target\":{\"@type\":\"EntryPoint\",\"urlTemplate\":\"https:\\\/\\\/wins-me.com\\\/en\\\/?s={search_term_string}\"},\"query-input\":{\"@type\":\"PropertyValueSpecification\",\"valueRequired\":true,\"valueName\":\"search_term_string\"}}],\"inLanguage\":\"en-US\"}]}<\/script>\n<!-- \/ Yoast SEO plugin. -->","yoast_head_json":{"title":"Informativa sul trattamento dei dati personali - CV - Wins Me","robots":{"index":"index","follow":"follow","max-snippet":"max-snippet:-1","max-image-preview":"max-image-preview:large","max-video-preview":"max-video-preview:-1"},"canonical":"https:\/\/wins-me.com\/en\/policy-cv\/","og_locale":"en_US","og_type":"article","og_title":"Informativa sul trattamento dei dati personali - CV - Wins Me","og_description":"INFORMATIVA SUL TRATTAMENTO DEI DATI PERSONALI CANDIDATURA &nbsp; World International School S.r.l. a socio unico (di seguito WINS o il Titolare) rilascia le seguenti informazioni ai sensi dell\u2019art. 13 Regolamento UE n. 2016\/679 del 27 aprile 2016 (di seguito GDPR), per descrivere le caratteristiche dei trattamenti svolti in relazione ai Suoi dati personali e dei [&hellip;]","og_url":"https:\/\/wins-me.com\/en\/policy-cv\/","og_site_name":"Wins Me","article_modified_time":"2024-06-14T10:36:46+00:00","twitter_card":"summary_large_image","twitter_misc":{"Est. reading time":"5 minutes"},"schema":{"@context":"https:\/\/schema.org","@graph":[{"@type":"WebPage","@id":"https:\/\/wins-me.com\/en\/policy-cv\/","url":"https:\/\/wins-me.com\/en\/policy-cv\/","name":"Informativa sul trattamento dei dati personali - CV - Wins Me","isPartOf":{"@id":"https:\/\/wins-me.com\/en\/#website"},"datePublished":"2021-01-28T08:50:47+00:00","dateModified":"2024-06-14T10:36:46+00:00","breadcrumb":{"@id":"https:\/\/wins-me.com\/en\/policy-cv\/#breadcrumb"},"inLanguage":"en-US","potentialAction":[{"@type":"ReadAction","target":["https:\/\/wins-me.com\/en\/policy-cv\/"]}]},{"@type":"BreadcrumbList","@id":"https:\/\/wins-me.com\/en\/policy-cv\/#breadcrumb","itemListElement":[{"@type":"ListItem","position":1,"name":"Home","item":"https:\/\/wins-me.com\/en\/"},{"@type":"ListItem","position":2,"name":"Informativa sul trattamento dei dati personali &#8211; CV"}]},{"@type":"WebSite","@id":"https:\/\/wins-me.com\/en\/#website","url":"https:\/\/wins-me.com\/en\/","name":"Wins Me","description":"Outstanding IB DP Revision Courses Distinguished IB BP Teachers On-site &amp; Online Classes","potentialAction":[{"@type":"SearchAction","target":{"@type":"EntryPoint","urlTemplate":"https:\/\/wins-me.com\/en\/?s={search_term_string}"},"query-input":{"@type":"PropertyValueSpecification","valueRequired":true,"valueName":"search_term_string"}}],"inLanguage":"en-US"}]}},"_links":{"self":[{"href":"https:\/\/wins-me.com\/en\/wp-json\/wp\/v2\/pages\/2938","targetHints":{"allow":["GET"]}}],"collection":[{"href":"https:\/\/wins-me.com\/en\/wp-json\/wp\/v2\/pages"}],"about":[{"href":"https:\/\/wins-me.com\/en\/wp-json\/wp\/v2\/types\/page"}],"author":[{"embeddable":true,"href":"https:\/\/wins-me.com\/en\/wp-json\/wp\/v2\/users\/3"}],"replies":[{"embeddable":true,"href":"https:\/\/wins-me.com\/en\/wp-json\/wp\/v2\/comments?post=2938"}],"version-history":[{"count":1,"href":"https:\/\/wins-me.com\/en\/wp-json\/wp\/v2\/pages\/2938\/revisions"}],"predecessor-version":[{"id":2939,"href":"https:\/\/wins-me.com\/en\/wp-json\/wp\/v2\/pages\/2938\/revisions\/2939"}],"wp:attachment":[{"href":"https:\/\/wins-me.com\/en\/wp-json\/wp\/v2\/media?parent=2938"}],"curies":[{"name":"wp","href":"https:\/\/api.w.org\/{rel}","templated":true}]}}