{"id":2096,"date":"2021-10-06T10:23:45","date_gmt":"2021-10-06T10:23:45","guid":{"rendered":"https:\/\/wins-me.com\/?page_id=2096"},"modified":"2021-10-06T12:45:29","modified_gmt":"2021-10-06T12:45:29","slug":"right-to-education","status":"publish","type":"page","link":"https:\/\/wins-me.com\/it\/one-to-one-tutoring\/right-to-education\/","title":{"rendered":"Right to education"},"content":{"rendered":"<p>[et_pb_section fb_built=&#8221;1&#8243; admin_label=&#8221;Sezione intro&#8221; _builder_version=&#8221;4.11.1&#8243; background_color=&#8221;#f2f2f2&#8243; min_height_tablet=&#8221;&#8221; min_height_phone=&#8221;450px&#8221; min_height_last_edited=&#8221;on|desktop&#8221; height_tablet=&#8221;&#8221; height_phone=&#8221;&#8221; height_last_edited=&#8221;on|tablet&#8221; custom_margin=&#8221;0px||0px||false|false&#8221; custom_padding=&#8221;60px||30px||false|false&#8221; locked=&#8221;off&#8221; global_colors_info=&#8221;{}&#8221;][et_pb_row _builder_version=&#8221;4.11.1&#8243; background_size=&#8221;initial&#8221; background_position=&#8221;top_left&#8221; background_repeat=&#8221;repeat&#8221; custom_padding=&#8221;0px||||false|false&#8221; global_colors_info=&#8221;{}&#8221;][et_pb_column type=&#8221;4_4&#8243; _builder_version=&#8221;3.0.47&#8243; custom_padding=&#8221;|||&#8221; global_colors_info=&#8221;{}&#8221; custom_padding__hover=&#8221;|||&#8221;][et_pb_text admin_label=&#8221;fondazione wins&#8221; _builder_version=&#8221;4.11.1&#8243; header_4_font_size=&#8221;23px&#8221; background_size=&#8221;initial&#8221; background_position=&#8221;top_left&#8221; background_repeat=&#8221;repeat&#8221; text_orientation=&#8221;center&#8221; module_alignment=&#8221;center&#8221; custom_margin=&#8221;||0px||false|false&#8221; use_border_color=&#8221;off&#8221; border_color=&#8221;#ffffff&#8221; border_style=&#8221;solid&#8221; global_colors_info=&#8221;{}&#8221;]<\/p>\n<h4 class=\"p1\"><img loading=\"lazy\" decoding=\"async\" class=\"wp-image-9001 alignnone size-full\" src=\"https:\/\/worldinternationalschool.com\/wp-content\/uploads\/2021\/10\/icone-1.1Session-gialle-charity-01.svg\" alt=\"\" width=\"0\" height=\"0\" \/>Right to Education Initiative<br \/>\n<img loading=\"lazy\" decoding=\"async\" class=\"wp-image-9004 alignnone size-full\" src=\"https:\/\/worldinternationalschool.com\/wp-content\/uploads\/2021\/10\/linee-colorate-giallo-2.svg\" alt=\"\" width=\"75\" height=\"9\" \/><\/h4>\n<h5 class=\"p1\" style=\"text-align: left;\"><\/h5>\n<p>[\/et_pb_text][et_pb_text admin_label=&#8221;Testo&#8221; _builder_version=&#8221;4.11.1&#8243; _module_preset=&#8221;default&#8221; max_width=&#8221;73%&#8221; max_width_tablet=&#8221;100%&#8221; max_width_phone=&#8221;96%&#8221; max_width_last_edited=&#8221;on|phone&#8221; module_alignment=&#8221;center&#8221; custom_margin=&#8221;20px||||false|false&#8221; custom_margin_tablet=&#8221;20px||||false|false&#8221; custom_margin_phone=&#8221;&#8221; custom_margin_last_edited=&#8221;on|phone&#8221; global_colors_info=&#8221;{}&#8221;]<\/p>\n<p class=\"p1\">Gli studenti IB di tutto il mondo vengono incoraggiati ad applicare la propria conoscenza attraverso <b>azioni <\/b>e<b> servizi,<\/b> i cui <b>benefici<\/b> possano essere indirizzati anche ai loro coetanei, agli insegnanti, alle loro famiglie ed ad una <b>comunit\u00e0 pi\u00f9 estesa.<\/b> Agire \u00e8 quindi parte di <b>chi siamo<\/b> ed un <b>processo<\/b> per poter migliorare il mondo in cui viviamo.<\/p>\n<p>[\/et_pb_text][et_pb_image src=&#8221;https:\/\/worldinternationalschool.com\/wp-content\/uploads\/2021\/10\/icone-1.1Session-gialle-charity-01.svg&#8221; title_text=&#8221;icone-1.1Session-gialle-charity-01&#8243; _builder_version=&#8221;4.11.1&#8243; _module_preset=&#8221;default&#8221; max_width=&#8221;77px&#8221; module_alignment=&#8221;center&#8221; animation_style=&#8221;slide&#8221; global_colors_info=&#8221;{}&#8221;][\/et_pb_image][\/et_pb_column][\/et_pb_row][\/et_pb_section][et_pb_section fb_built=&#8221;1&#8243; admin_label=&#8221;Sezione la storia&#8221; _builder_version=&#8221;4.11.1&#8243; background_color=&#8221;RGBA(0,0,0,0)&#8221; min_height_tablet=&#8221;&#8221; min_height_phone=&#8221;450px&#8221; min_height_last_edited=&#8221;on|desktop&#8221; height_tablet=&#8221;&#8221; height_phone=&#8221;&#8221; height_last_edited=&#8221;on|tablet&#8221; custom_margin=&#8221;0px||0px||false|false&#8221; custom_padding=&#8221;0px||0px||false|false&#8221; locked=&#8221;off&#8221; global_colors_info=&#8221;{}&#8221;][et_pb_row column_structure=&#8221;1_2,1_2&#8243; make_equal=&#8221;on&#8221; _builder_version=&#8221;4.11.1&#8243; background_size=&#8221;initial&#8221; background_position=&#8221;top_left&#8221; background_repeat=&#8221;repeat&#8221; width=&#8221;100%&#8221; max_width=&#8221;2560px&#8221; custom_margin=&#8221;0px||0px||false|false&#8221; custom_padding=&#8221;40px||40px||false|false&#8221; global_colors_info=&#8221;{}&#8221;][et_pb_column type=&#8221;1_2&#8243; _builder_version=&#8221;4.11.1&#8243; custom_padding=&#8221;130px|30px|40px|80px|false|false&#8221; custom_padding_tablet=&#8221;60px|80px|20px|80px|false|false&#8221; custom_padding_phone=&#8221;|47px||47px|false|false&#8221; custom_padding_last_edited=&#8221;on|tablet&#8221; global_colors_info=&#8221;{}&#8221; custom_padding__hover=&#8221;|||&#8221;][et_pb_text admin_label=&#8221;Testo&#8221; _builder_version=&#8221;4.11.1&#8243; _module_preset=&#8221;default&#8221; link_text_color=&#8221;#f4c300&#8243; module_alignment=&#8221;center&#8221; custom_margin_tablet=&#8221;-10px||||false|false&#8221; custom_margin_phone=&#8221;&#8221; custom_margin_last_edited=&#8221;on|desktop&#8221; global_colors_info=&#8221;{}&#8221;]<\/p>\n<p class=\"p1\">Quale sentito sostenitore della <b>filosofia IB<\/b>, attraverso <span class=\"s1\"><b><i>Right to Education Initiative,<\/i><\/b><\/span><span class=\"Apple-converted-space\">\u00a0 <\/span>WINSme svolge un <b>ruolo modello<\/b> con <b>azioni concrete.<\/b> Per ogni sessione venduta, WINSme doner\u00e0 l\u20191,5% del proprio fatturato alla <a href=\"https:\/\/worldinternationalschool.com\/fondazione-wins\/\" target=\"_blank\" rel=\"noopener\"><b><i>Fondazione WINS<\/i><\/b><\/a>. I fondi raccolti saranno devoluti per <b>sostenere l\u2019equit\u00e0<\/b> e il <b>diritto allo studio<\/b> di studenti meno fortunati, promuovendo la scolarizzazione (dall\u2019asilo nido, al diploma) come strumento chiave per lo sviluppo umano.<\/p>\n<p class=\"p1\">Grazie al tuo acquisto OneToOne, <b>contribuirai anche tu<\/b> ai <a href=\"https:\/\/sdgs.un.org\/goals\/goal4\" target=\"_blank\" rel=\"noopener\"><b>SUSTAINABLE DEVELOPMENT GOALS<\/b>\u00a0<\/a><\/p>\n<p class=\"p4\">Grazie!<\/p>\n<p>[\/et_pb_text][\/et_pb_column][et_pb_column type=&#8221;1_2&#8243; _builder_version=&#8221;3.0.47&#8243; custom_padding=&#8221;|||&#8221; global_colors_info=&#8221;{}&#8221; custom_padding__hover=&#8221;|||&#8221;][et_pb_image src=&#8221;https:\/\/wins-me.com\/wp-content\/uploads\/2021\/10\/illustration-charity-01.svg&#8221; title_text=&#8221;illustration-charity-01&#8243; _builder_version=&#8221;4.11.1&#8243; _module_preset=&#8221;default&#8221; max_width_tablet=&#8221;80%&#8221; max_width_phone=&#8221;96%&#8221; max_width_last_edited=&#8221;on|phone&#8221; min_height_tablet=&#8221;&#8221; min_height_phone=&#8221;&#8221; min_height_last_edited=&#8221;on|tablet&#8221; module_alignment_tablet=&#8221;center&#8221; module_alignment_phone=&#8221;&#8221; module_alignment_last_edited=&#8221;on|phone&#8221; global_colors_info=&#8221;{}&#8221;][\/et_pb_image][\/et_pb_column][\/et_pb_row][\/et_pb_section]<\/p>\n","protected":false},"excerpt":{"rendered":"<p>Right to Education Initiative Gli studenti IB di tutto il mondo vengono incoraggiati ad applicare la propria conoscenza attraverso azioni e servizi, i cui benefici possano essere indirizzati anche ai loro coetanei, agli insegnanti, alle loro famiglie ed ad una comunit\u00e0 pi\u00f9 estesa. Agire \u00e8 quindi parte di chi siamo ed un processo per poter [&hellip;]<\/p>\n","protected":false},"author":6,"featured_media":0,"parent":696,"menu_order":0,"comment_status":"closed","ping_status":"closed","template":"","meta":{"_et_pb_use_builder":"on","_et_pb_old_content":"<p>[et_pb_section fb_built=\"1\" admin_label=\"Sezione intro\" _builder_version=\"4.11.1\" background_color=\"#f2f2f2\" min_height_tablet=\"\" min_height_phone=\"450px\" min_height_last_edited=\"on|desktop\" height_tablet=\"\" height_phone=\"\" height_last_edited=\"on|tablet\" custom_margin=\"0px||0px||false|false\" custom_padding=\"60px||30px||false|false\" locked=\"off\" global_colors_info=\"{}\"][et_pb_row _builder_version=\"4.11.1\" background_size=\"initial\" background_position=\"top_left\" background_repeat=\"repeat\" custom_padding=\"0px||||false|false\" global_colors_info=\"{}\"][et_pb_column type=\"4_4\" _builder_version=\"3.0.47\" custom_padding=\"|||\" global_colors_info=\"{}\" custom_padding__hover=\"|||\"][et_pb_text admin_label=\"fondazione wins\" _builder_version=\"4.11.1\" header_4_font_size=\"23px\" background_size=\"initial\" background_position=\"top_left\" background_repeat=\"repeat\" text_orientation=\"center\" module_alignment=\"center\" custom_margin=\"||0px||false|false\" use_border_color=\"off\" border_color=\"#ffffff\" border_style=\"solid\" global_colors_info=\"{}\"]<\/p><h4 class=\"p1\"><img class=\"wp-image-9001 alignnone size-full\" src=\"https:\/\/worldinternationalschool.com\/wp-content\/uploads\/2021\/10\/icone-1.1Session-gialle-charity-01.svg\" alt=\"\" width=\"0\" height=\"0\" \/>Right to Education Initiative<br \/><img class=\"wp-image-9004 alignnone size-full\" src=\"https:\/\/worldinternationalschool.com\/wp-content\/uploads\/2021\/10\/linee-colorate-giallo-2.svg\" alt=\"\" width=\"75\" height=\"9\" \/><\/h4><h5 class=\"p1\" style=\"text-align: left;\">\u00a0<\/h5><p>[\/et_pb_text][et_pb_text admin_label=\"Testo\" _builder_version=\"4.11.1\" _module_preset=\"default\" max_width=\"73%\" max_width_tablet=\"100%\" max_width_phone=\"96%\" max_width_last_edited=\"on|phone\" module_alignment=\"center\" custom_margin=\"20px||||false|false\" custom_margin_tablet=\"20px||||false|false\" custom_margin_phone=\"\" custom_margin_last_edited=\"on|phone\" global_colors_info=\"{}\"]<\/p><p class=\"p1\">IB students worldwide are encouraged to consider and apply their knowledge through positive <b>action<\/b> and <b>service,<\/b> whose <b>benefits<\/b> are not only for the self but addressed to their peers, the school staff, their family, and the <b>wider community. <\/b><span class=\"s1\">Therefore, action is a part of\u00a0<b>who we are<\/b>\u00a0and a\u00a0<b>process\u00a0<\/b>to improve the world we live in.<\/span><\/p><p>[\/et_pb_text][et_pb_image src=\"https:\/\/worldinternationalschool.com\/wp-content\/uploads\/2021\/10\/icone-1.1Session-gialle-charity-01.svg\" title_text=\"icone-1.1Session-gialle-charity-01\" _builder_version=\"4.11.1\" _module_preset=\"default\" max_width=\"77px\" module_alignment=\"center\" animation_style=\"slide\" global_colors_info=\"{}\"][\/et_pb_image][\/et_pb_column][\/et_pb_row][\/et_pb_section][et_pb_section fb_built=\"1\" admin_label=\"Sezione la storia\" _builder_version=\"4.11.1\" background_color=\"RGBA(0,0,0,0)\" min_height_tablet=\"\" min_height_phone=\"450px\" min_height_last_edited=\"on|desktop\" height_tablet=\"\" height_phone=\"\" height_last_edited=\"on|tablet\" custom_margin=\"0px||0px||false|false\" custom_padding=\"0px||0px||false|false\" locked=\"off\" global_colors_info=\"{}\"][et_pb_row column_structure=\"1_2,1_2\" make_equal=\"on\" _builder_version=\"4.11.1\" background_size=\"initial\" background_position=\"top_left\" background_repeat=\"repeat\" width=\"100%\" max_width=\"2560px\" custom_margin=\"0px||0px||false|false\" custom_padding=\"40px||40px||false|false\" global_colors_info=\"{}\"][et_pb_column type=\"1_2\" _builder_version=\"4.11.1\" custom_padding=\"130px|30px|40px|80px|false|false\" custom_padding_tablet=\"60px|80px|20px|80px|false|false\" custom_padding_phone=\"|47px||47px|false|false\" custom_padding_last_edited=\"on|tablet\" global_colors_info=\"{}\" custom_padding__hover=\"|||\"][et_pb_text admin_label=\"Testo\" _builder_version=\"4.11.1\" _module_preset=\"default\" link_text_color=\"#f4c300\" module_alignment=\"center\" custom_margin_tablet=\"-10px||||false|false\" custom_margin_phone=\"\" custom_margin_last_edited=\"on|desktop\" global_colors_info=\"{}\"]<\/p><p class=\"p1\" style=\"text-align: left;\">As a strong supporter of the <b>IB philosophy,<\/b> WINSme plays a <b>role model<\/b> by <b>taking action<\/b> through the <b><i>Right to Education Initiative.<\/i><\/b> WINSme will <b>donate 1,5%<\/b> of their turnover to <a href=\"https:\/\/worldinternationalschool.com\/en\/fondazione-wins\/\" target=\"_blank\" rel=\"noopener\"><b><i>Fondazione WINS<\/i><\/b><\/a><span class=\"s1\"><b><i>\u00a0<\/i><\/b><\/span>for each session sold. The funds will be collected to <b>support equity<\/b> and the <b>right to education<\/b> of less fortunate students, promoting schooling (from pre-school care throughout diploma) as a key tool for human development<span class=\"s2\">.<\/span><\/p><p class=\"p1\">Thanks to your OneToOne purchase, <b>you too will contribute<\/b> to the <a href=\"https:\/\/sdgs.un.org\/goals\/goal4\" target=\"_blank\" rel=\"noopener\"><b>SUSTAINABLE DEVELOPMENT GOALS<\/b>\u00a0<\/a><\/p><p class=\"p4\">Thank you!<\/p><p>[\/et_pb_text][\/et_pb_column][et_pb_column type=\"1_2\" _builder_version=\"3.0.47\" custom_padding=\"|||\" global_colors_info=\"{}\" custom_padding__hover=\"|||\"][et_pb_image src=\"https:\/\/wins-me.com\/wp-content\/uploads\/2021\/10\/illustration-charity-01.svg\" title_text=\"illustration-charity-01\" _builder_version=\"4.11.1\" _module_preset=\"default\" max_width_tablet=\"80%\" max_width_phone=\"96%\" max_width_last_edited=\"on|phone\" min_height_tablet=\"\" min_height_phone=\"\" min_height_last_edited=\"on|tablet\" hover_enabled=\"0\" module_alignment_tablet=\"center\" module_alignment_phone=\"\" module_alignment_last_edited=\"on|phone\" global_colors_info=\"{}\" sticky_enabled=\"0\"][\/et_pb_image][\/et_pb_column][\/et_pb_row][\/et_pb_section]<\/p>","_et_gb_content_width":"","footnotes":""},"class_list":["post-2096","page","type-page","status-publish","hentry"],"acf":[],"yoast_head":"<!-- This site is optimized with the Yoast SEO plugin v27.3 - https:\/\/yoast.com\/product\/yoast-seo-wordpress\/ -->\n<title>Right to education - Wins Me<\/title>\n<meta name=\"robots\" content=\"index, follow, max-snippet:-1, max-image-preview:large, max-video-preview:-1\" \/>\n<link rel=\"canonical\" href=\"https:\/\/wins-me.com\/it\/one-to-one-tutoring\/right-to-education\/\" \/>\n<meta property=\"og:locale\" content=\"it_IT\" \/>\n<meta property=\"og:type\" content=\"article\" \/>\n<meta property=\"og:title\" content=\"Right to education - Wins Me\" \/>\n<meta property=\"og:description\" content=\"Right to Education Initiative Gli studenti IB di tutto il mondo vengono incoraggiati ad applicare la propria conoscenza attraverso azioni e servizi, i cui benefici possano essere indirizzati anche ai loro coetanei, agli insegnanti, alle loro famiglie ed ad una comunit\u00e0 pi\u00f9 estesa. Agire \u00e8 quindi parte di chi siamo ed un processo per poter [&hellip;]\" \/>\n<meta property=\"og:url\" content=\"https:\/\/wins-me.com\/it\/one-to-one-tutoring\/right-to-education\/\" \/>\n<meta property=\"og:site_name\" content=\"Wins Me\" \/>\n<meta property=\"article:modified_time\" content=\"2021-10-06T12:45:29+00:00\" \/>\n<meta property=\"og:image\" content=\"https:\/\/worldinternationalschool.com\/wp-content\/uploads\/2021\/10\/icone-1.1Session-gialle-charity-01.svg\" \/>\n<meta name=\"twitter:card\" content=\"summary_large_image\" \/>\n<meta name=\"twitter:label1\" content=\"Tempo di lettura stimato\" \/>\n\t<meta name=\"twitter:data1\" content=\"3 minuti\" \/>\n<script type=\"application\/ld+json\" class=\"yoast-schema-graph\">{\"@context\":\"https:\\\/\\\/schema.org\",\"@graph\":[{\"@type\":\"WebPage\",\"@id\":\"https:\\\/\\\/wins-me.com\\\/it\\\/one-to-one-tutoring\\\/right-to-education\\\/\",\"url\":\"https:\\\/\\\/wins-me.com\\\/it\\\/one-to-one-tutoring\\\/right-to-education\\\/\",\"name\":\"Right to education - Wins Me\",\"isPartOf\":{\"@id\":\"https:\\\/\\\/wins-me.com\\\/it\\\/#website\"},\"primaryImageOfPage\":{\"@id\":\"https:\\\/\\\/wins-me.com\\\/it\\\/one-to-one-tutoring\\\/right-to-education\\\/#primaryimage\"},\"image\":{\"@id\":\"https:\\\/\\\/wins-me.com\\\/it\\\/one-to-one-tutoring\\\/right-to-education\\\/#primaryimage\"},\"thumbnailUrl\":\"https:\\\/\\\/worldinternationalschool.com\\\/wp-content\\\/uploads\\\/2021\\\/10\\\/icone-1.1Session-gialle-charity-01.svg\",\"datePublished\":\"2021-10-06T10:23:45+00:00\",\"dateModified\":\"2021-10-06T12:45:29+00:00\",\"breadcrumb\":{\"@id\":\"https:\\\/\\\/wins-me.com\\\/it\\\/one-to-one-tutoring\\\/right-to-education\\\/#breadcrumb\"},\"inLanguage\":\"it-IT\",\"potentialAction\":[{\"@type\":\"ReadAction\",\"target\":[\"https:\\\/\\\/wins-me.com\\\/it\\\/one-to-one-tutoring\\\/right-to-education\\\/\"]}]},{\"@type\":\"ImageObject\",\"inLanguage\":\"it-IT\",\"@id\":\"https:\\\/\\\/wins-me.com\\\/it\\\/one-to-one-tutoring\\\/right-to-education\\\/#primaryimage\",\"url\":\"https:\\\/\\\/worldinternationalschool.com\\\/wp-content\\\/uploads\\\/2021\\\/10\\\/icone-1.1Session-gialle-charity-01.svg\",\"contentUrl\":\"https:\\\/\\\/worldinternationalschool.com\\\/wp-content\\\/uploads\\\/2021\\\/10\\\/icone-1.1Session-gialle-charity-01.svg\"},{\"@type\":\"BreadcrumbList\",\"@id\":\"https:\\\/\\\/wins-me.com\\\/it\\\/one-to-one-tutoring\\\/right-to-education\\\/#breadcrumb\",\"itemListElement\":[{\"@type\":\"ListItem\",\"position\":1,\"name\":\"Home\",\"item\":\"https:\\\/\\\/wins-me.com\\\/it\\\/\"},{\"@type\":\"ListItem\",\"position\":2,\"name\":\"OnetoOne tutoring\",\"item\":\"https:\\\/\\\/wins-me.com\\\/it\\\/one-to-one-tutoring\\\/\"},{\"@type\":\"ListItem\",\"position\":3,\"name\":\"Right to education\"}]},{\"@type\":\"WebSite\",\"@id\":\"https:\\\/\\\/wins-me.com\\\/it\\\/#website\",\"url\":\"https:\\\/\\\/wins-me.com\\\/it\\\/\",\"name\":\"Wins Me\",\"description\":\"Outstanding IB DP Revision Courses Distinguished IB BP Teachers On-site &amp; Online Classes\",\"potentialAction\":[{\"@type\":\"SearchAction\",\"target\":{\"@type\":\"EntryPoint\",\"urlTemplate\":\"https:\\\/\\\/wins-me.com\\\/it\\\/?s={search_term_string}\"},\"query-input\":{\"@type\":\"PropertyValueSpecification\",\"valueRequired\":true,\"valueName\":\"search_term_string\"}}],\"inLanguage\":\"it-IT\"}]}<\/script>\n<!-- \/ Yoast SEO plugin. -->","yoast_head_json":{"title":"Right to education - Wins Me","robots":{"index":"index","follow":"follow","max-snippet":"max-snippet:-1","max-image-preview":"max-image-preview:large","max-video-preview":"max-video-preview:-1"},"canonical":"https:\/\/wins-me.com\/it\/one-to-one-tutoring\/right-to-education\/","og_locale":"it_IT","og_type":"article","og_title":"Right to education - Wins Me","og_description":"Right to Education Initiative Gli studenti IB di tutto il mondo vengono incoraggiati ad applicare la propria conoscenza attraverso azioni e servizi, i cui benefici possano essere indirizzati anche ai loro coetanei, agli insegnanti, alle loro famiglie ed ad una comunit\u00e0 pi\u00f9 estesa. Agire \u00e8 quindi parte di chi siamo ed un processo per poter [&hellip;]","og_url":"https:\/\/wins-me.com\/it\/one-to-one-tutoring\/right-to-education\/","og_site_name":"Wins Me","article_modified_time":"2021-10-06T12:45:29+00:00","og_image":[{"url":"https:\/\/worldinternationalschool.com\/wp-content\/uploads\/2021\/10\/icone-1.1Session-gialle-charity-01.svg","type":"","width":"","height":""}],"twitter_card":"summary_large_image","twitter_misc":{"Tempo di lettura stimato":"3 minuti"},"schema":{"@context":"https:\/\/schema.org","@graph":[{"@type":"WebPage","@id":"https:\/\/wins-me.com\/it\/one-to-one-tutoring\/right-to-education\/","url":"https:\/\/wins-me.com\/it\/one-to-one-tutoring\/right-to-education\/","name":"Right to education - Wins Me","isPartOf":{"@id":"https:\/\/wins-me.com\/it\/#website"},"primaryImageOfPage":{"@id":"https:\/\/wins-me.com\/it\/one-to-one-tutoring\/right-to-education\/#primaryimage"},"image":{"@id":"https:\/\/wins-me.com\/it\/one-to-one-tutoring\/right-to-education\/#primaryimage"},"thumbnailUrl":"https:\/\/worldinternationalschool.com\/wp-content\/uploads\/2021\/10\/icone-1.1Session-gialle-charity-01.svg","datePublished":"2021-10-06T10:23:45+00:00","dateModified":"2021-10-06T12:45:29+00:00","breadcrumb":{"@id":"https:\/\/wins-me.com\/it\/one-to-one-tutoring\/right-to-education\/#breadcrumb"},"inLanguage":"it-IT","potentialAction":[{"@type":"ReadAction","target":["https:\/\/wins-me.com\/it\/one-to-one-tutoring\/right-to-education\/"]}]},{"@type":"ImageObject","inLanguage":"it-IT","@id":"https:\/\/wins-me.com\/it\/one-to-one-tutoring\/right-to-education\/#primaryimage","url":"https:\/\/worldinternationalschool.com\/wp-content\/uploads\/2021\/10\/icone-1.1Session-gialle-charity-01.svg","contentUrl":"https:\/\/worldinternationalschool.com\/wp-content\/uploads\/2021\/10\/icone-1.1Session-gialle-charity-01.svg"},{"@type":"BreadcrumbList","@id":"https:\/\/wins-me.com\/it\/one-to-one-tutoring\/right-to-education\/#breadcrumb","itemListElement":[{"@type":"ListItem","position":1,"name":"Home","item":"https:\/\/wins-me.com\/it\/"},{"@type":"ListItem","position":2,"name":"OnetoOne tutoring","item":"https:\/\/wins-me.com\/it\/one-to-one-tutoring\/"},{"@type":"ListItem","position":3,"name":"Right to education"}]},{"@type":"WebSite","@id":"https:\/\/wins-me.com\/it\/#website","url":"https:\/\/wins-me.com\/it\/","name":"Wins Me","description":"Outstanding IB DP Revision Courses Distinguished IB BP Teachers On-site &amp; Online Classes","potentialAction":[{"@type":"SearchAction","target":{"@type":"EntryPoint","urlTemplate":"https:\/\/wins-me.com\/it\/?s={search_term_string}"},"query-input":{"@type":"PropertyValueSpecification","valueRequired":true,"valueName":"search_term_string"}}],"inLanguage":"it-IT"}]}},"_links":{"self":[{"href":"https:\/\/wins-me.com\/it\/wp-json\/wp\/v2\/pages\/2096","targetHints":{"allow":["GET"]}}],"collection":[{"href":"https:\/\/wins-me.com\/it\/wp-json\/wp\/v2\/pages"}],"about":[{"href":"https:\/\/wins-me.com\/it\/wp-json\/wp\/v2\/types\/page"}],"author":[{"embeddable":true,"href":"https:\/\/wins-me.com\/it\/wp-json\/wp\/v2\/users\/6"}],"replies":[{"embeddable":true,"href":"https:\/\/wins-me.com\/it\/wp-json\/wp\/v2\/comments?post=2096"}],"version-history":[{"count":4,"href":"https:\/\/wins-me.com\/it\/wp-json\/wp\/v2\/pages\/2096\/revisions"}],"predecessor-version":[{"id":2122,"href":"https:\/\/wins-me.com\/it\/wp-json\/wp\/v2\/pages\/2096\/revisions\/2122"}],"up":[{"embeddable":true,"href":"https:\/\/wins-me.com\/it\/wp-json\/wp\/v2\/pages\/696"}],"wp:attachment":[{"href":"https:\/\/wins-me.com\/it\/wp-json\/wp\/v2\/media?parent=2096"}],"curies":[{"name":"wp","href":"https:\/\/api.w.org\/{rel}","templated":true}]}}