{"id":489,"date":"2021-01-11T15:38:07","date_gmt":"2021-01-11T15:38:07","guid":{"rendered":"https:\/\/wins-me.com\/?page_id=489"},"modified":"2024-05-31T11:28:17","modified_gmt":"2024-05-31T11:28:17","slug":"policy-cookie","status":"publish","type":"page","link":"https:\/\/wins-me.com\/it\/policy-cookie\/","title":{"rendered":"Cookie Policy"},"content":{"rendered":"<p>[et_pb_section fb_built=&#8221;1&#8243; _builder_version=&#8221;4.16&#8243; _module_preset=&#8221;default&#8221; global_colors_info=&#8221;{}&#8221;][et_pb_row disabled_on=&#8221;off|off|off&#8221; admin_label=&#8221;Riga wins me&#8221; _builder_version=&#8221;4.16&#8243; _module_preset=&#8221;default&#8221; global_colors_info=&#8221;{}&#8221;][et_pb_column type=&#8221;4_4&#8243; _builder_version=&#8221;4.16&#8243; _module_preset=&#8221;default&#8221; global_colors_info=&#8221;{}&#8221;][et_pb_text _builder_version=&#8221;4.25.1&#8243; _module_preset=&#8221;default&#8221; link_text_color=&#8221;#0086E0&#8243; global_colors_info=&#8221;{}&#8221;]<\/p>\n<h2>INFORMATIVA SUL TRATTAMENTO DEI DATI PERSONALI<\/h2>\n<h3>COOKIE POLICY<\/h3>\n<p>&nbsp;<\/p>\n<p>World International School S.r.l. a socio unico rilascia le seguenti informazioni ai sensi dell\u2019art. 13 Regolamento UE n. 2016\/679 del 27 aprile 2016 (di seguito GDPR), per descrivere le caratteristiche dei trattamenti svolti in relazione ai dati personali forniti dall\u2019Interessato e le misure adottate al fine di tutelarne i diritti.<br \/>La presente informativa viene rilasciata nella home page del sito https:\/\/worldinternationalschool.com\/<\/p>\n<p>Utilizziamo i cookie per rendere il nostro sito pi\u00f9 facile ed intuitivo. I dati raccolti grazie ai cookie servono per rendere l&#8217;esperienza di navigazione pi\u00f9 piacevole e pi\u00f9 efficiente.<\/p>\n<p>&nbsp;<\/p>\n<h4>Titolare del trattamento<\/h4>\n<p>Titolare del trattamento \u00e8 World International School S.r.l. a socio unico(di seguito WINS o il Titolare) &#8211; P.IVA 09284580967 &#8211; \u00a0con sede in Via Michelangelo Buonarroti n. 39, 20145 Milano\u00a0\u2013 Contatti: Tel. +39 011 1972111 | Fax +39 011 1972150 |E-mail:\u00a0<a href=\"mailto:info@worldinternationalschool.com\">info@worldinternationalschool.com<\/a>.<\/p>\n<p>&nbsp;<\/p>\n<h4>Responsabile della protezione dei dati<\/h4>\n<p>WINS ha nominato un Responsabile per la Protezione dei Dati Personali che pu\u00f2 essere contattato per domande o dubbi sulle caratteristiche e modalit\u00e0 del trattamento. Il DPO \u00e8 reperibile ai seguenti recapiti: dpowins<a href=\"mailto:@worldinternationalschool.com\">@worldinternationalschool.com<\/a>; <a href=\"mailto:dpo_wins@pec.it\">dpo_wins@pec.it<\/a><\/p>\n<p>&nbsp;<\/p>\n<h4>Cosa sono i cookie?<\/h4>\n<p>I cookie sono piccoli file di testo inviati dal sito al terminale dell\u2019Interessato (solitamente al browser), dove vengono memorizzati per essere poi ritrasmessi al sito alla successiva visita del medesimo utente. Un cookie non pu\u00f2 richiamare nessun altro dato dal disco fisso dell\u2019utente n\u00e9 trasmettere virus informatici o acquisire indirizzi e-mail. Ogni cookie \u00e8 unico per il web browser dell\u2019utente. Alcune delle funzioni dei cookie possono essere demandate ad altre tecnologie. Nel presente documento con il termine \u2018cookie\u2019 si vuol far riferimento sia ai cookie, propriamente detti, sia a tutte le tecnologie similari.<\/p>\n<h5><em><u>Tipologia di cookie<\/u><\/em><\/h5>\n<p>I cookie possono essere di prima o di terza parte, dove per &#8220;prima parte&#8221; si intendono i cookie che riportano come dominio il sito, mentre per &#8220;terza parte&#8221; si intendono i cookie che sono relativi a domini esterni.<\/p>\n<p>I cookie di terza parte sono necessariamente installati da un soggetto esterno, sempre definito come &#8220;terza parte&#8221;, non gestito dal sito. Tali soggetti possono eventualmente installare anche cookie di prima parte, salvando sul dominio del sito i propri cookie.<\/p>\n<h5><em><u>Natura dei cookie<\/u><\/em><\/h5>\n<p>Relativamente alla natura dei cookie, possono essere individuati diversi tipi:<\/p>\n<h5><em><u>Cookie tecnici<\/u><\/em><\/h5>\n<p>I cookie tecnici sono quelli utilizzati al solo fine di &#8220;effettuare la trasmissione di una comunicazione su una rete di comunicazione elettronica, o nella misura strettamente necessaria al fornitore di un servizio della societ\u00e0 dell&#8217;informazione esplicitamente richiesto dall&#8217;abbonato o dall&#8217;utente a erogare tale servizio&#8221;<\/p>\n<p>Essi non vengono utilizzati per scopi ulteriori e sono normalmente installati direttamente dal titolare o gestore del sito web. Possono essere suddivisi in:<\/p>\n<ul>\n<li>cookie di navigazione o di sessione, che garantiscono la normale navigazione e fruizione del sito web (permettendo, ad esempio, di realizzare un acquisto o autenticarsi per accedere ad aree riservate); essi sono di fatto necessari per il corretto funzionamento del sito;<\/li>\n<li>cookie analytics, assimilati ai cookie tecnici laddove utilizzati direttamente dal gestore del sito per raccogliere informazioni, in forma aggregata, sul numero degli utenti e su come questi visitano il sito stesso, al fine di migliorare le performance del sito;<\/li>\n<li>cookie di funzionalit\u00e0, che permettono all&#8217;utente la navigazione in funzione di una serie di criteri selezionati (ad esempio, la lingua) al fine di migliorare il servizio reso allo stesso. Per l&#8217;installazione di tali cookie non \u00e8 richiesto il preventivo consenso degli utenti (pi\u00f9 informazioni nel paragrafo Gestione dei cookie in basso).<\/li>\n<\/ul>\n<h5><em><u>Cookie di profilazione<\/u><\/em><\/h5>\n<p>I cookie di profilazione sono volti a creare profili relativi all&#8217;utente e vengono utilizzati al fine di inviare messaggi pubblicitari in linea con le preferenze manifestate dallo stesso nell&#8217;ambito della navigazione in rete.<\/p>\n<p>Queste tecnologie non collezionano nome degli utenti, indirizzi mail, numeri di telefono, indirizzo.<br \/>Per l&#8217;utilizzo dei cookie di profilazione \u00e8 richiesto il consenso dell&#8217;interessato. Secondo il provvedimento (pi\u00f9 informazioni nel paragrafo Gestione dei cookie in basso) l\u2019utente pu\u00f2 autorizzare o negare il consenso all&#8217;installazione dei cookie attraverso le opzioni fornite nella sezione &#8220;Gestione dei cookie&#8221;.<\/p>\n<p>In caso di cookie di terze parti, il sito non ha un controllo diretto dei singoli cookie e non pu\u00f2 controllarli (non pu\u00f2 n\u00e9 installarli direttamente n\u00e9 cancellarli). Puoi comunque gestire questi cookie attraverso le impostazioni del browser (segui le istruzioni riportate pi\u00f9 avanti), o i siti indicati nella sezione &#8220;Gestione dei cookie&#8221;.<\/p>\n<p>L\u2019Utente \u00e8 pertanto invitato a verificare sul sito della terza parte indicato nella tabella riportata di seguito.<\/p>\n<p>&nbsp;<\/p>\n<h4>Cookie installati su questo sito<\/h4>\n<p>Di seguito, l&#8217;elenco dei cookie (raggruppati logicamente a livello di funzionalit\u00e0 o fornitore) presenti su questo Sito. I cookie di terze parti presentano il collegamento all&#8217;informativa della privacy del relativo fornitore esterno, dove \u00e8 possibile trovare una dettagliata descrizione dei singoli cookie e del trattamento che ne viene fatto.<\/p>\n<p>[\/et_pb_text][et_pb_code admin_label=&#8221;elenco cookiebot&#8221; module_id=&#8221;elencoCookie&#8221; _builder_version=&#8221;4.25.1&#8243; _module_preset=&#8221;default&#8221; global_colors_info=&#8221;{}&#8221;]<script id=\"CookieDeclaration\" src=\"https:\/\/consent.cookiebot.com\/5cc7e74a-240d-4a04-a980-33cc29bf55a7\/cd.js\" type=\"text\/javascript\" async><\/script>[\/et_pb_code][et_pb_text _builder_version=&#8221;4.25.1&#8243; _module_preset=&#8221;default&#8221; link_text_color=&#8221;#0086E0&#8243; global_colors_info=&#8221;{}&#8221;]<\/p>\n<h4>Quadro normativo e gestione dei cookie<\/h4>\n<p>Nel rispetto della normativa in materia di protezione dei dati personali (Reg. EU 679\/2016, D. Lgs. 30 giugno 2003, n. 196, cos\u00ec come modificato dal D. Lgs. 101\/18, di seguito &#8220;Codice&#8221;.) e in riferimento al Provvedimento dell\u2019Autorit\u00e0 Garante di\u00a0Individuazione delle modalit\u00e0 semplificate per l&#8217;informativa e l&#8217;acquisizione del consenso per l&#8217;uso dei cookie &#8211; 8 maggio 2014\u00a0(Pubblicato sulla Gazzetta Ufficiale n. 126 del 3 giugno 2014) e delle Linee Guida emanate dall\u2019Autorit\u00e0 Garante del 10 giugno 2021, la cui efficacia decorre trascorsi sei mesi dalla loro pubblicazione sulla Gazzetta Ufficiale n. 163 del 9 luglio 2021 puoi modificare in qualsiasi momento il <strong>consenso ai cookie direttamente da questo <a href=\"#modficaConsenso\">link<\/a><\/strong> .<\/p>\n<p>In ogni caso l\u2019Utente pu\u00f2 disabilitare\/cancellare i cookie direttamente dal proprio browser seguendo la procedura prevista nella presente informativa, nella sezione \u201cCome disabilitare\/cancellare i cookie mediante configurazione del browser\u201d.<\/p>\n<p>Il Titolare terr\u00e0 opportuna traccia del\/dei consenso\/i dell\u2019Utente attraverso un apposito cookie tecnico, considerato dal Garante Privacy uno strumento \u201cnon particolarmente invasivo\u201d. L\u2019Utente pu\u00f2 negare il suo consenso e\/o modificare in ogni momento le proprie opzioni relative all\u2019uso dei cookie da parte del presente Sito Web, cos\u00ec come previsto nella presente informativa.<\/p>\n<p>Se \u00e8 gi\u00e0 stato dato il consenso ma si vogliono cambiare le autorizzazioni dei cookie, bisogna cancellarli attraverso il browser, come indicato sotto, perch\u00e9 altrimenti quelli gi\u00e0 installati non verranno rimossi. In particolare, si tenga presente che non \u00e8 possibile in alcun modo controllare i cookie di terze parti, quindi se \u00e8 gi\u00e0 stato dato precedentemente il consenso, \u00e8 necessario procedere alla cancellazione dei cookie attraverso il browser (sezione dedicata) oppure chiedendo l&#8217;opt-out direttamente alle terze parti o tramite il sito\u00a0<a href=\"http:\/\/www.youronlinechoices.com\/it\/le-tue-scelte\">http:\/\/www.youronlinechoices.com\/it\/le-tue-scelte<\/a>.<\/p>\n<p>Se necessiti di maggiori informazioni, puoi consultare i seguenti siti:<\/p>\n<ul>\n<li><a href=\"http:\/\/www.youronlinechoices.com\/\">http:\/\/www.youronlinechoices.com\/<\/a><br \/>\u2022\u00a0<a href=\"http:\/\/www.allaboutcookies.org\/\u00a0\">http:\/\/www.allaboutcookies.org\/\u00a0<\/a><br \/>\u2022\u00a0<a href=\"https:\/\/www.cookiechoices.org\/\">https:\/\/www.cookiechoices.org\/<\/a><br \/>\u2022\u00a0<a href=\"http:\/\/www.garanteprivacy.it\/web\/guest\/home\/docweb\/-\/docweb-display\/docweb\/3118884\">http:\/\/www.garanteprivacy.it\/web\/guest\/home\/docweb\/-\/docweb-display\/docweb\/3118884<\/a><\/li>\n<\/ul>\n<p>&nbsp;<\/p>\n<h4>Come disabilitare\/cancellare i cookie mediante configurazione del browser<\/h4>\n<h5><u>Chrome<\/u><\/h5>\n<ol>\n<li>Eseguire il Browser Chrome.<\/li>\n<li>Fare click sul men\u00f9 presente nella barra degli strumenti del browser a fianco della finestra di inserimento URL per la navigazione.<\/li>\n<li>Selezionare Impostazioni.<\/li>\n<li>Fare clic su Mostra Impostazioni Avanzate.<\/li>\n<li>Nella sezione \u201cPrivacy\u201d fare clic su bottone \u201cImpostazioni contenuti \u201c.<\/li>\n<li>Nella sezione \u201cCookie\u201d \u00e8 possibile modificare le seguenti impostazioni relative ai cookie:<\/li>\n<\/ol>\n<ul>\n<li>Consentire il salvataggio dei dati in locale.<\/li>\n<li>Modificare i dati locali solo fino alla chiusura del browser.<\/li>\n<li>Impedire ai siti di impostare i cookie.<\/li>\n<li>Bloccare i cookie di terze parti e i dati dei siti.<\/li>\n<li>Gestire le eccezioni per alcuni siti internet.<\/li>\n<li>Eliminare uno o tutti i cookie.<\/li>\n<\/ul>\n<p>Per maggiori informazioni visita la pagina dedicata.<\/p>\n<h5><u>Mozilla Firefox<\/u><\/h5>\n<ol>\n<li>Eseguire il Browser Mozilla Firefox.<\/li>\n<li>Fare click sul men\u00f9 presente nella barra degli strumenti del browser a fianco della finestra di inserimento URL per la navigazione.<\/li>\n<li>Selezionare Opzioni.<\/li>\n<li>Selezionare il pannello Privacy.<\/li>\n<li>Fare clic su Mostra Impostazioni Avanzate.<\/li>\n<li>Nella sezione \u201cPrivacy\u201d fare clic su bottone \u201cImpostazioni contenuti \u201c.<\/li>\n<li>Nella sezione \u201cTracciamento\u201d \u00e8 possibile modificare le seguenti impostazioni relative ai cookie:<\/li>\n<\/ol>\n<ul>\n<li>Richiedi ai siti di non effettuare alcun tracciamento.<\/li>\n<li>Comunica ai siti la disponibilit\u00e0 ad essere tracciato.<\/li>\n<li>Non comunicare alcuna preferenza relativa al tracciamento dei dati personali.<\/li>\n<\/ul>\n<ol start=\"8\">\n<li>Dalla sezione \u201cCronologia\u201d \u00e8 possibile:<\/li>\n<\/ol>\n<ul>\n<li>Abilitando \u201cUtilizza impostazioni personalizzate\u201d selezionare di accettare i cookie di terze parti (sempre, dai siti pi\u00f9 visitato o mai) e di conservarli per un periodo determinato (fino alla loro scadenza, alla chiusura di Firefox o di chiedere ogni volta).<\/li>\n<li>Rimuovere i singoli cookie immagazzinati.<\/li>\n<\/ul>\n<p>Per maggiori informazioni visita la pagina dedicata.<\/p>\n<h5><u>Internet Explorer<\/u><\/h5>\n<ol>\n<li>Eseguire il Browser Internet Explorer.<\/li>\n<li>Fare click sul pulsante Strumenti e scegliere Opzioni Internet.<\/li>\n<li>Fare click sulla scheda Privacy e, nella sezione Impostazioni, modificare il dispositivo di scorrimento in funzione dell\u2019azione desiderata per i cookie:<\/li>\n<\/ol>\n<ul>\n<li>Bloccare tutti i cookie.<\/li>\n<li>Consentire tutti i cookie.<\/li>\n<li>Selezionare i siti da cui ottenere cookie: spostare il cursore in una posizione intermedia in modo da non bloccare o consentire tutti i cookie, premere quindi su Siti, nella casella Indirizzo Sito Web inserire un sito internet e quindi premere su Blocca o Consenti.<\/li>\n<\/ul>\n<p>Per maggiori informazioni visita la pagina dedicata.<\/p>\n<h5><u>Safari <\/u><\/h5>\n<ol>\n<li>Eseguire il Browser Safari.<\/li>\n<li>Fare click su Safari, selezionare Preferenze e premere su Privacy.<\/li>\n<li>Nella sezione Blocca Cookie specificare come Safari deve accettare i cookie dai siti internet.<\/li>\n<li>Per visionare quali siti hanno immagazzinato i cookie cliccare su Dettagli.<\/li>\n<\/ol>\n<p>Per maggiori informazioni visita la pagina dedicata.<\/p>\n<h5><u>Safari iOS (dispositivi mobile)<\/u><\/h5>\n<ol>\n<li>Eseguire il Browser Safari iOS.<\/li>\n<li>Tocca su Impostazioni e poi Safari 3. Tocca su Blocca Cookie e scegli tra le varie opzioni: \u201cMai\u201d, \u201cDi terze parti e inserzionisti\u201d o \u201cSempre\u201d.<\/li>\n<li>Per cancellare tutti i cookie immagazzinati da Safari, tocca su Impostazioni, poi su Safari e infine su Cancella Cookie e dati.<\/li>\n<\/ol>\n<p>Per maggiori informazioni visita la pagina dedicata.<\/p>\n<h5><u>Opera<\/u><\/h5>\n<ol>\n<li>Eseguire il Browser Opera<\/li>\n<li>Fare click sul Preferenze poi su Avanzate e infine su Cookie<\/li>\n<li>Selezionare una delle seguenti opzioni:<\/li>\n<\/ol>\n<ul>\n<li>Accetta tutti i cookie<\/li>\n<li>Accetta i cookie solo dal sito che si visita: i cookie di terze parti e quelli che vengono inviati da un dominio diverso da quello che si sta visitando verranno rifiutati<\/li>\n<li>Non accettare mai i cookie: tutti i cookie non verranno mai salvati. Per maggiori informazioni visita la pagina dedicata.<\/li>\n<\/ul>\n<p>&nbsp;<\/p>\n<p>Ultima versione: gennaio 2022<\/p>\n<p>[\/et_pb_text][\/et_pb_column][\/et_pb_row][\/et_pb_section]<\/p>\n","protected":false},"excerpt":{"rendered":"<p>INFORMATIVA SUL TRATTAMENTO DEI DATI PERSONALI COOKIE POLICY &nbsp; World International School S.r.l. a socio unico rilascia le seguenti informazioni ai sensi dell\u2019art. 13 Regolamento UE n. 2016\/679 del 27 aprile 2016 (di seguito GDPR), per descrivere le caratteristiche dei trattamenti svolti in relazione ai dati personali forniti dall\u2019Interessato e le misure adottate al fine [&hellip;]<\/p>\n","protected":false},"author":3,"featured_media":0,"parent":0,"menu_order":210,"comment_status":"closed","ping_status":"closed","template":"","meta":{"_et_pb_use_builder":"on","_et_pb_old_content":"","_et_gb_content_width":"","footnotes":""},"class_list":["post-489","page","type-page","status-publish","hentry"],"acf":[],"yoast_head":"<!-- This site is optimized with the Yoast SEO plugin v27.3 - https:\/\/yoast.com\/product\/yoast-seo-wordpress\/ -->\n<title>Cookie Policy - Wins Me<\/title>\n<meta name=\"robots\" content=\"index, follow, max-snippet:-1, max-image-preview:large, max-video-preview:-1\" \/>\n<link rel=\"canonical\" href=\"https:\/\/wins-me.com\/it\/policy-cookie\/\" \/>\n<meta property=\"og:locale\" content=\"it_IT\" \/>\n<meta property=\"og:type\" content=\"article\" \/>\n<meta property=\"og:title\" content=\"Cookie Policy - Wins Me\" \/>\n<meta property=\"og:description\" content=\"INFORMATIVA SUL TRATTAMENTO DEI DATI PERSONALI COOKIE POLICY &nbsp; World International School S.r.l. a socio unico rilascia le seguenti informazioni ai sensi dell\u2019art. 13 Regolamento UE n. 2016\/679 del 27 aprile 2016 (di seguito GDPR), per descrivere le caratteristiche dei trattamenti svolti in relazione ai dati personali forniti dall\u2019Interessato e le misure adottate al fine [&hellip;]\" \/>\n<meta property=\"og:url\" content=\"https:\/\/wins-me.com\/it\/policy-cookie\/\" \/>\n<meta property=\"og:site_name\" content=\"Wins Me\" \/>\n<meta property=\"article:modified_time\" content=\"2024-05-31T11:28:17+00:00\" \/>\n<meta name=\"twitter:card\" content=\"summary_large_image\" \/>\n<meta name=\"twitter:label1\" content=\"Tempo di lettura stimato\" \/>\n\t<meta name=\"twitter:data1\" content=\"9 minuti\" \/>\n<script type=\"application\/ld+json\" class=\"yoast-schema-graph\">{\"@context\":\"https:\\\/\\\/schema.org\",\"@graph\":[{\"@type\":\"WebPage\",\"@id\":\"https:\\\/\\\/wins-me.com\\\/it\\\/policy-cookie\\\/\",\"url\":\"https:\\\/\\\/wins-me.com\\\/it\\\/policy-cookie\\\/\",\"name\":\"Cookie Policy - Wins Me\",\"isPartOf\":{\"@id\":\"https:\\\/\\\/wins-me.com\\\/it\\\/#website\"},\"datePublished\":\"2021-01-11T15:38:07+00:00\",\"dateModified\":\"2024-05-31T11:28:17+00:00\",\"breadcrumb\":{\"@id\":\"https:\\\/\\\/wins-me.com\\\/it\\\/policy-cookie\\\/#breadcrumb\"},\"inLanguage\":\"it-IT\",\"potentialAction\":[{\"@type\":\"ReadAction\",\"target\":[\"https:\\\/\\\/wins-me.com\\\/it\\\/policy-cookie\\\/\"]}]},{\"@type\":\"BreadcrumbList\",\"@id\":\"https:\\\/\\\/wins-me.com\\\/it\\\/policy-cookie\\\/#breadcrumb\",\"itemListElement\":[{\"@type\":\"ListItem\",\"position\":1,\"name\":\"Home\",\"item\":\"https:\\\/\\\/wins-me.com\\\/it\\\/\"},{\"@type\":\"ListItem\",\"position\":2,\"name\":\"Cookie Policy\"}]},{\"@type\":\"WebSite\",\"@id\":\"https:\\\/\\\/wins-me.com\\\/it\\\/#website\",\"url\":\"https:\\\/\\\/wins-me.com\\\/it\\\/\",\"name\":\"Wins Me\",\"description\":\"Outstanding IB DP Revision Courses Distinguished IB BP Teachers On-site &amp; Online Classes\",\"potentialAction\":[{\"@type\":\"SearchAction\",\"target\":{\"@type\":\"EntryPoint\",\"urlTemplate\":\"https:\\\/\\\/wins-me.com\\\/it\\\/?s={search_term_string}\"},\"query-input\":{\"@type\":\"PropertyValueSpecification\",\"valueRequired\":true,\"valueName\":\"search_term_string\"}}],\"inLanguage\":\"it-IT\"}]}<\/script>\n<!-- \/ Yoast SEO plugin. -->","yoast_head_json":{"title":"Cookie Policy - Wins Me","robots":{"index":"index","follow":"follow","max-snippet":"max-snippet:-1","max-image-preview":"max-image-preview:large","max-video-preview":"max-video-preview:-1"},"canonical":"https:\/\/wins-me.com\/it\/policy-cookie\/","og_locale":"it_IT","og_type":"article","og_title":"Cookie Policy - Wins Me","og_description":"INFORMATIVA SUL TRATTAMENTO DEI DATI PERSONALI COOKIE POLICY &nbsp; World International School S.r.l. a socio unico rilascia le seguenti informazioni ai sensi dell\u2019art. 13 Regolamento UE n. 2016\/679 del 27 aprile 2016 (di seguito GDPR), per descrivere le caratteristiche dei trattamenti svolti in relazione ai dati personali forniti dall\u2019Interessato e le misure adottate al fine [&hellip;]","og_url":"https:\/\/wins-me.com\/it\/policy-cookie\/","og_site_name":"Wins Me","article_modified_time":"2024-05-31T11:28:17+00:00","twitter_card":"summary_large_image","twitter_misc":{"Tempo di lettura stimato":"9 minuti"},"schema":{"@context":"https:\/\/schema.org","@graph":[{"@type":"WebPage","@id":"https:\/\/wins-me.com\/it\/policy-cookie\/","url":"https:\/\/wins-me.com\/it\/policy-cookie\/","name":"Cookie Policy - Wins Me","isPartOf":{"@id":"https:\/\/wins-me.com\/it\/#website"},"datePublished":"2021-01-11T15:38:07+00:00","dateModified":"2024-05-31T11:28:17+00:00","breadcrumb":{"@id":"https:\/\/wins-me.com\/it\/policy-cookie\/#breadcrumb"},"inLanguage":"it-IT","potentialAction":[{"@type":"ReadAction","target":["https:\/\/wins-me.com\/it\/policy-cookie\/"]}]},{"@type":"BreadcrumbList","@id":"https:\/\/wins-me.com\/it\/policy-cookie\/#breadcrumb","itemListElement":[{"@type":"ListItem","position":1,"name":"Home","item":"https:\/\/wins-me.com\/it\/"},{"@type":"ListItem","position":2,"name":"Cookie Policy"}]},{"@type":"WebSite","@id":"https:\/\/wins-me.com\/it\/#website","url":"https:\/\/wins-me.com\/it\/","name":"Wins Me","description":"Outstanding IB DP Revision Courses Distinguished IB BP Teachers On-site &amp; Online Classes","potentialAction":[{"@type":"SearchAction","target":{"@type":"EntryPoint","urlTemplate":"https:\/\/wins-me.com\/it\/?s={search_term_string}"},"query-input":{"@type":"PropertyValueSpecification","valueRequired":true,"valueName":"search_term_string"}}],"inLanguage":"it-IT"}]}},"_links":{"self":[{"href":"https:\/\/wins-me.com\/it\/wp-json\/wp\/v2\/pages\/489","targetHints":{"allow":["GET"]}}],"collection":[{"href":"https:\/\/wins-me.com\/it\/wp-json\/wp\/v2\/pages"}],"about":[{"href":"https:\/\/wins-me.com\/it\/wp-json\/wp\/v2\/types\/page"}],"author":[{"embeddable":true,"href":"https:\/\/wins-me.com\/it\/wp-json\/wp\/v2\/users\/3"}],"replies":[{"embeddable":true,"href":"https:\/\/wins-me.com\/it\/wp-json\/wp\/v2\/comments?post=489"}],"version-history":[{"count":17,"href":"https:\/\/wins-me.com\/it\/wp-json\/wp\/v2\/pages\/489\/revisions"}],"predecessor-version":[{"id":2753,"href":"https:\/\/wins-me.com\/it\/wp-json\/wp\/v2\/pages\/489\/revisions\/2753"}],"wp:attachment":[{"href":"https:\/\/wins-me.com\/it\/wp-json\/wp\/v2\/media?parent=489"}],"curies":[{"name":"wp","href":"https:\/\/api.w.org\/{rel}","templated":true}]}}