{"id":688,"date":"2021-05-05T12:26:25","date_gmt":"2021-05-05T12:26:25","guid":{"rendered":"https:\/\/wins-me.com\/?page_id=688"},"modified":"2021-07-23T14:41:59","modified_gmt":"2021-07-23T14:41:59","slug":"chi-siamo","status":"publish","type":"page","link":"https:\/\/wins-me.com\/it\/chi-siamo\/","title":{"rendered":"Chi siamo"},"content":{"rendered":"<p>[et_pb_section fb_built=&#8221;1&#8243; admin_label=&#8221;Sezione immagine&#8221; _builder_version=&#8221;4.7.7&#8243; _module_preset=&#8221;default&#8221; background_image=&#8221;https:\/\/wins-me.com\/wp-content\/uploads\/2020\/12\/bannerWinsme.jpg&#8221; parallax=&#8221;on&#8221; min_height=&#8221;500px&#8221; locked=&#8221;off&#8221;][et_pb_row _builder_version=&#8221;4.7.7&#8243; _module_preset=&#8221;default&#8221;][et_pb_column type=&#8221;4_4&#8243; _builder_version=&#8221;4.7.7&#8243; _module_preset=&#8221;default&#8221;][\/et_pb_column][\/et_pb_row][\/et_pb_section][et_pb_section fb_built=&#8221;1&#8243; admin_label=&#8221;section&#8221; module_id=&#8221;About&#8221; _builder_version=&#8221;4.7.7&#8243; background_color=&#8221;#e6e6e6&#8243; locked=&#8221;off&#8221;][et_pb_row admin_label=&#8221;row&#8221; module_class=&#8221; et_pb_row_fullwidth et_pb_row_fullwidth et_pb_row_fullwidth et_pb_row_fullwidth et_pb_row_fullwidth et_pb_row_fullwidth et_pb_row_fullwidth et_pb_row_fullwidth et_pb_row_fullwidth et_pb_row_fullwidth et_pb_row_fullwidth et_pb_row_fullwidth et_pb_row_fullwidth et_pb_row_fullwidth et_pb_row_fullwidth et_pb_row_fullwidth et_pb_row_fullwidth et_pb_row_fullwidth et_pb_row_fullwidth et_pb_row_fullwidth et_pb_row_fullwidth et_pb_row_fullwidth et_pb_row_fullwidth et_pb_row_fullwidth et_pb_row_fullwidth et_pb_row_fullwidth&#8221; _builder_version=&#8221;4.7.7&#8243; background_size=&#8221;initial&#8221; background_position=&#8221;top_left&#8221; background_repeat=&#8221;repeat&#8221; make_fullwidth=&#8221;on&#8221;][et_pb_column type=&#8221;4_4&#8243; _builder_version=&#8221;3.0.47&#8243; custom_padding=&#8221;|||&#8221; custom_padding__hover=&#8221;|||&#8221;][et_pb_text admin_label=&#8221;CHI SIAMO&#8221; _builder_version=&#8221;4.9.7&#8243; background_size=&#8221;initial&#8221; background_position=&#8221;top_left&#8221; background_repeat=&#8221;repeat&#8221; max_width=&#8221;1080px&#8221; module_alignment=&#8221;left&#8221;]<\/p>\n<h1>CHI SIAMO<\/h1>\n<p><img loading=\"lazy\" decoding=\"async\" class=\"alignnone size-full wp-image-200\" src=\"http:\/\/winsme.kinsta.cloud\/wp-content\/uploads\/2020\/12\/barretta-oro.jpg\" alt=\"\" width=\"77\" height=\"3\" \/><\/p>\n<h2>Storia &amp; Innovazione<\/h2>\n<p><strong>WINSme<\/strong> \u00e8 la piattaforma per i <strong>Revision Courses<\/strong> e il <strong>OneToOn<\/strong>e per l\u2019<strong>IB Middle Years e Diploma Programme<\/strong> all\u2019interno della realt\u00e0 accademica di WINS.<\/p>\n<p>WINS garantisce il proprio impegno per offrire agli studenti IB <strong>i pi\u00f9 alti standard educativi<\/strong>, cos\u00ec da supportare e <strong>potenziare<\/strong> il loro <strong>successo accademico<\/strong>. Tutto ci\u00f2 \u00e8 reso possibile grazie alla vasta esperienza nell\u2019erogazione dei programmi IB e al <strong>selezionato corpo docenti<\/strong>.<\/p>\n<p>L\u2019 ambizione e la padronanza incorporate nei Revision Courses &amp; OneToOne di WINS hanno dato origine al lancio di un <strong>programma di studio strutturato<\/strong>, offerto <strong>in due lingue<\/strong>: <strong>inglese<\/strong> e <strong>spagnolo<\/strong>. I corsi di WINS, infatti, sono disponibili per gli studenti dell\u2019MYP e DP che frequentano scuole la cui lingua ufficiale di istruzione \u00e8 l\u2019inglese o lo spagnolo.<\/p>\n<p>[\/et_pb_text][\/et_pb_column][\/et_pb_row][\/et_pb_section][et_pb_section fb_built=&#8221;1&#8243; disabled_on=&#8221;off|off|off&#8221; module_id=&#8221;Why&#8221; _builder_version=&#8221;4.7.7&#8243; _module_preset=&#8221;default&#8221; background_color=&#8221;#003b4f&#8221; locked=&#8221;off&#8221;][et_pb_row _builder_version=&#8221;4.7.7&#8243; _module_preset=&#8221;default&#8221; background_color=&#8221;rgba(0,0,0,0)&#8221; custom_padding=&#8221;||27px|||&#8221;][et_pb_column type=&#8221;4_4&#8243; _builder_version=&#8221;4.6.0&#8243; _module_preset=&#8221;default&#8221;][et_pb_text admin_label=&#8221;SCEGLIERE WINSme&#8221; _builder_version=&#8221;4.7.7&#8243; header_font_size=&#8221;15px&#8221; background_layout=&#8221;dark&#8221; locked=&#8221;off&#8221;]<\/p>\n<h2>SCEGLIERE WINS<\/h2>\n<p><img loading=\"lazy\" decoding=\"async\" class=\"alignnone size-full wp-image-200\" src=\"http:\/\/winsme.kinsta.cloud\/wp-content\/uploads\/2020\/12\/barretta-oro.jpg\" alt=\"\" width=\"77\" height=\"3\" \/><\/p>\n<h2>Lo scopo dei corsi<\/h2>\n<p class=\"p1\"><span class=\"s1\">In qualsiasi contesto, il <\/span><strong><span class=\"s2\">successo<\/span><\/strong><span class=\"s1\"> deriva dalla <\/span><strong><span class=\"s2\">preparazione<\/span><\/strong><span class=\"s1\">, e una <\/span><strong><span class=\"s2\">revisione accurata<\/span><\/strong><span class=\"s1\"> pu\u00f2 avere un significativo impatto sul rendimento degli studenti, in particolare per i loro <strong>\u201c<\/strong><\/span><strong><span class=\"s2\">predicted grades\u201d<\/span><\/strong><span class=\"s1\"> (DP year 1) e per i <\/span><strong><span class=\"s2\">\u201cfinal IB exams\u201d<\/span><\/strong><span class=\"s1\"> (DP year 2).<\/span><\/p>\n<p class=\"p1\"><span class=\"s1\">I corsi di revisione WINS offrono il <\/span><strong><span class=\"s2\">supporto cruciale<\/span><\/strong><span class=\"s1\"> di cui gli studenti possono aver bisogno, cos\u00ec come una <\/span><strong><span class=\"s2\">piacevole esperienza di apprendimento<\/span><\/strong><span class=\"s1\"> condivisa con studenti del mondo IB, all\u2019interno della nostra brillante comunit\u00e0.\u00a0<\/span><span class=\"s1\">I materiali didattici presentati nei laboratori sono <\/span><strong><span class=\"s2\">in inglese<\/span><\/strong><span class=\"s1\"> o <\/span><strong><span class=\"s2\">in<\/span><span class=\"s1\"> <\/span><\/strong><span class=\"s2\"><strong>spagnolo<\/strong>.<\/span><\/p>\n<h2><\/h2>\n<h2>Autorevoli docenti IB DP<\/h2>\n<p class=\"p1\">Grazie alla\u00a0<strong>vasta padronanza<\/strong> di WINS nell\u2019erogare i programmi IB, WINS beneficia di <strong>autorevoli docenti\u00a0<\/strong>IB DP e\u00a0<strong>workshop leaders<\/strong>, la cui priorit\u00e0 \u00e8 il\u00a0<strong>successo accademico<\/strong> di ogni studente che assistono. Tutti gli educatori WINS hanno vasta esperienza nella lora materia e nella relativa lingua di insegnamento.<\/p>\n<p>[\/et_pb_text][\/et_pb_column][\/et_pb_row][\/et_pb_section][et_pb_section fb_built=&#8221;1&#8243; admin_label=&#8221;Sezione immagine&#8221; _builder_version=&#8221;4.7.7&#8243; _module_preset=&#8221;default&#8221; background_image=&#8221;https:\/\/wins-me.com\/wp-content\/uploads\/2021\/01\/CampusWinsME.jpg&#8221; min_height=&#8221;500px&#8221; locked=&#8221;off&#8221;][et_pb_row _builder_version=&#8221;4.7.7&#8243; _module_preset=&#8221;default&#8221;][et_pb_column type=&#8221;4_4&#8243; _builder_version=&#8221;4.7.7&#8243; _module_preset=&#8221;default&#8221;][\/et_pb_column][\/et_pb_row][\/et_pb_section][et_pb_section fb_built=&#8221;1&#8243; disabled_on=&#8221;off|off|off&#8221; _builder_version=&#8221;4.7.7&#8243; _module_preset=&#8221;default&#8221; background_color=&#8221;#003b4f&#8221; locked=&#8221;off&#8221;][et_pb_row _builder_version=&#8221;4.7.7&#8243; _module_preset=&#8221;default&#8221; background_color=&#8221;rgba(0,0,0,0)&#8221;][et_pb_column type=&#8221;4_4&#8243; _builder_version=&#8221;4.6.0&#8243; _module_preset=&#8221;default&#8221;][et_pb_text admin_label=&#8221;Campus &#038; Servizi&#8221; _builder_version=&#8221;4.7.7&#8243; header_font_size=&#8221;15px&#8221; background_layout=&#8221;dark&#8221; locked=&#8221;off&#8221;]<\/p>\n<h2>Campus &amp; Servizi<\/h2>\n<p class=\"p1\"><span class=\"s1\">WINS opera in un Campus di oltre <\/span><strong><span class=\"s2\">8.500 mq<\/span><\/strong><span class=\"s1\">, posizionato a soli 20 minuti dal centro di Torino. La moderna struttura include <\/span><strong><span class=\"s2\">alloggi<\/span><\/strong><span class=\"s1\">, un <\/span><span class=\"s2\"><strong>auditorium<\/strong> <\/span><span class=\"s1\">da oltre 120 posti, <\/span><strong><span class=\"s2\">2.000 mq di area esterna<\/span><\/strong><span class=\"s1\">, un campo da calcio, una <\/span><strong><span class=\"s2\">piscina al coperto<\/span><\/strong><span class=\"s1\"> 10 m x 20 m, una <\/span><strong><span class=\"s2\">palestra attrezzata<\/span><\/strong><span class=\"s1\">, e <\/span><strong><span class=\"s2\">laboratori di chimica e biologia.<\/span><\/strong><\/p>\n<p class=\"p1\"><span class=\"s1\">Durante la loro permanenza, gli studenti possono inoltre beneficiare di:<\/span><\/p>\n<ul class=\"ul1\">\n<li style=\"list-style-type: none;\">\n<ul class=\"ul1\">\n<li class=\"li1\"><span class=\"s1\">Assistenza medica<\/span><\/li>\n<li class=\"li1\"><span class=\"s1\">Servizio sorveglianza<\/span><\/li>\n<li class=\"li1\"><span class=\"s1\">Biblioteca, e laboratorio di musica e arte<\/span><\/li>\n<li class=\"li1\"><span class=\"s1\">Connessione wifi gratuita<\/span><\/li>\n<li class=\"li1\"><span class=\"s1\">Mensa interna<\/span><\/li>\n<\/ul>\n<\/li>\n<\/ul>\n<p>[\/et_pb_text][\/et_pb_column][\/et_pb_row][\/et_pb_section][et_pb_section fb_built=&#8221;1&#8243; admin_label=&#8221;Sezione immagine&#8221; _builder_version=&#8221;4.7.7&#8243; _module_preset=&#8221;default&#8221; background_image=&#8221;http:\/\/winsme.kinsta.cloud\/wp-content\/uploads\/2020\/12\/1200px-Turin_at_sunset.jpg&#8221; parallax=&#8221;on&#8221; min_height=&#8221;500px&#8221; locked=&#8221;off&#8221;][et_pb_row _builder_version=&#8221;4.7.7&#8243; _module_preset=&#8221;default&#8221;][et_pb_column type=&#8221;4_4&#8243; _builder_version=&#8221;4.7.7&#8243; _module_preset=&#8221;default&#8221;][\/et_pb_column][\/et_pb_row][\/et_pb_section][et_pb_section fb_built=&#8221;1&#8243; disabled_on=&#8221;off|off|off&#8221; _builder_version=&#8221;4.7.7&#8243; _module_preset=&#8221;default&#8221; background_color=&#8221;#003b4f&#8221; locked=&#8221;off&#8221;][et_pb_row _builder_version=&#8221;4.7.7&#8243; _module_preset=&#8221;default&#8221; background_color=&#8221;rgba(0,0,0,0)&#8221;][et_pb_column type=&#8221;4_4&#8243; _builder_version=&#8221;4.6.0&#8243; _module_preset=&#8221;default&#8221;][et_pb_text admin_label=&#8221;Torino&#8221; _builder_version=&#8221;4.7.7&#8243; header_font_size=&#8221;15px&#8221; background_layout=&#8221;dark&#8221; locked=&#8221;off&#8221;]<\/p>\n<h2>Torino &#8211; Italia<\/h2>\n<p class=\"p1\"><span class=\"s1\">Torino \u00e8 il capoluogo del Piemonte, rinomato per la raffinata <\/span><strong><span class=\"s2\">architettura Rinascimentale<\/span><\/strong><span class=\"s1\">, Barocca, Rococ\u00f2, Neoclassica e Art Nouveau, nonch\u00e9 per la sua squisita cucina tradizionale.<\/span><\/p>\n<p class=\"p1\"><span class=\"s1\">Le Alpi che sorgono a nord-est della citt\u00e0 regalano un incredibile panorama e rappresentano un\u2019opportunit\u00e0 per raggiungere prestigiose localit\u00e0 sciistiche come <\/span><strong><span class=\"s2\">Sestriere<\/span><\/strong><span class=\"s1\">, <\/span><strong><span class=\"s2\">Courmayeur<\/span><\/strong><span class=\"s1\">, e <\/span><span class=\"s2\"><strong>Bardonecchia<\/strong>.<\/span><\/p>\n<p>[\/et_pb_text][\/et_pb_column][\/et_pb_row][\/et_pb_section]<\/p>\n","protected":false},"excerpt":{"rendered":"<p>CHI SIAMO Storia &amp; Innovazione WINSme \u00e8 la piattaforma per i Revision Courses e il OneToOne per l\u2019IB Middle Years e Diploma Programme all\u2019interno della realt\u00e0 accademica di WINS. WINS garantisce il proprio impegno per offrire agli studenti IB i pi\u00f9 alti standard educativi, cos\u00ec da supportare e potenziare il loro successo accademico. Tutto ci\u00f2 [&hellip;]<\/p>\n","protected":false},"author":4,"featured_media":0,"parent":0,"menu_order":10,"comment_status":"closed","ping_status":"closed","template":"","meta":{"_et_pb_use_builder":"on","_et_pb_old_content":"","_et_gb_content_width":"","footnotes":""},"class_list":["post-688","page","type-page","status-publish","hentry"],"acf":[],"yoast_head":"<!-- This site is optimized with the Yoast SEO plugin v27.3 - https:\/\/yoast.com\/product\/yoast-seo-wordpress\/ -->\n<title>Chi siamo - Wins Me<\/title>\n<meta name=\"robots\" content=\"index, follow, max-snippet:-1, max-image-preview:large, max-video-preview:-1\" \/>\n<link rel=\"canonical\" href=\"https:\/\/wins-me.com\/it\/chi-siamo\/\" \/>\n<meta property=\"og:locale\" content=\"it_IT\" \/>\n<meta property=\"og:type\" content=\"article\" \/>\n<meta property=\"og:title\" content=\"Chi siamo - Wins Me\" \/>\n<meta property=\"og:description\" content=\"CHI SIAMO Storia &amp; Innovazione WINSme \u00e8 la piattaforma per i Revision Courses e il OneToOne per l\u2019IB Middle Years e Diploma Programme all\u2019interno della realt\u00e0 accademica di WINS. WINS garantisce il proprio impegno per offrire agli studenti IB i pi\u00f9 alti standard educativi, cos\u00ec da supportare e potenziare il loro successo accademico. Tutto ci\u00f2 [&hellip;]\" \/>\n<meta property=\"og:url\" content=\"https:\/\/wins-me.com\/it\/chi-siamo\/\" \/>\n<meta property=\"og:site_name\" content=\"Wins Me\" \/>\n<meta property=\"article:modified_time\" content=\"2021-07-23T14:41:59+00:00\" \/>\n<meta property=\"og:image\" content=\"http:\/\/winsme.kinsta.cloud\/wp-content\/uploads\/2020\/12\/barretta-oro.jpg\" \/>\n<meta name=\"twitter:card\" content=\"summary_large_image\" \/>\n<meta name=\"twitter:label1\" content=\"Tempo di lettura stimato\" \/>\n\t<meta name=\"twitter:data1\" content=\"5 minuti\" \/>\n<script type=\"application\/ld+json\" class=\"yoast-schema-graph\">{\"@context\":\"https:\\\/\\\/schema.org\",\"@graph\":[{\"@type\":\"WebPage\",\"@id\":\"https:\\\/\\\/wins-me.com\\\/it\\\/chi-siamo\\\/\",\"url\":\"https:\\\/\\\/wins-me.com\\\/it\\\/chi-siamo\\\/\",\"name\":\"Chi siamo - Wins Me\",\"isPartOf\":{\"@id\":\"https:\\\/\\\/wins-me.com\\\/it\\\/#website\"},\"primaryImageOfPage\":{\"@id\":\"https:\\\/\\\/wins-me.com\\\/it\\\/chi-siamo\\\/#primaryimage\"},\"image\":{\"@id\":\"https:\\\/\\\/wins-me.com\\\/it\\\/chi-siamo\\\/#primaryimage\"},\"thumbnailUrl\":\"http:\\\/\\\/winsme.kinsta.cloud\\\/wp-content\\\/uploads\\\/2020\\\/12\\\/barretta-oro.jpg\",\"datePublished\":\"2021-05-05T12:26:25+00:00\",\"dateModified\":\"2021-07-23T14:41:59+00:00\",\"breadcrumb\":{\"@id\":\"https:\\\/\\\/wins-me.com\\\/it\\\/chi-siamo\\\/#breadcrumb\"},\"inLanguage\":\"it-IT\",\"potentialAction\":[{\"@type\":\"ReadAction\",\"target\":[\"https:\\\/\\\/wins-me.com\\\/it\\\/chi-siamo\\\/\"]}]},{\"@type\":\"ImageObject\",\"inLanguage\":\"it-IT\",\"@id\":\"https:\\\/\\\/wins-me.com\\\/it\\\/chi-siamo\\\/#primaryimage\",\"url\":\"http:\\\/\\\/winsme.kinsta.cloud\\\/wp-content\\\/uploads\\\/2020\\\/12\\\/barretta-oro.jpg\",\"contentUrl\":\"http:\\\/\\\/winsme.kinsta.cloud\\\/wp-content\\\/uploads\\\/2020\\\/12\\\/barretta-oro.jpg\"},{\"@type\":\"BreadcrumbList\",\"@id\":\"https:\\\/\\\/wins-me.com\\\/it\\\/chi-siamo\\\/#breadcrumb\",\"itemListElement\":[{\"@type\":\"ListItem\",\"position\":1,\"name\":\"Home\",\"item\":\"https:\\\/\\\/wins-me.com\\\/it\\\/\"},{\"@type\":\"ListItem\",\"position\":2,\"name\":\"Chi siamo\"}]},{\"@type\":\"WebSite\",\"@id\":\"https:\\\/\\\/wins-me.com\\\/it\\\/#website\",\"url\":\"https:\\\/\\\/wins-me.com\\\/it\\\/\",\"name\":\"Wins Me\",\"description\":\"Outstanding IB DP Revision Courses Distinguished IB BP Teachers On-site &amp; Online Classes\",\"potentialAction\":[{\"@type\":\"SearchAction\",\"target\":{\"@type\":\"EntryPoint\",\"urlTemplate\":\"https:\\\/\\\/wins-me.com\\\/it\\\/?s={search_term_string}\"},\"query-input\":{\"@type\":\"PropertyValueSpecification\",\"valueRequired\":true,\"valueName\":\"search_term_string\"}}],\"inLanguage\":\"it-IT\"}]}<\/script>\n<!-- \/ Yoast SEO plugin. -->","yoast_head_json":{"title":"Chi siamo - Wins Me","robots":{"index":"index","follow":"follow","max-snippet":"max-snippet:-1","max-image-preview":"max-image-preview:large","max-video-preview":"max-video-preview:-1"},"canonical":"https:\/\/wins-me.com\/it\/chi-siamo\/","og_locale":"it_IT","og_type":"article","og_title":"Chi siamo - Wins Me","og_description":"CHI SIAMO Storia &amp; Innovazione WINSme \u00e8 la piattaforma per i Revision Courses e il OneToOne per l\u2019IB Middle Years e Diploma Programme all\u2019interno della realt\u00e0 accademica di WINS. WINS garantisce il proprio impegno per offrire agli studenti IB i pi\u00f9 alti standard educativi, cos\u00ec da supportare e potenziare il loro successo accademico. Tutto ci\u00f2 [&hellip;]","og_url":"https:\/\/wins-me.com\/it\/chi-siamo\/","og_site_name":"Wins Me","article_modified_time":"2021-07-23T14:41:59+00:00","og_image":[{"url":"http:\/\/winsme.kinsta.cloud\/wp-content\/uploads\/2020\/12\/barretta-oro.jpg","type":"","width":"","height":""}],"twitter_card":"summary_large_image","twitter_misc":{"Tempo di lettura stimato":"5 minuti"},"schema":{"@context":"https:\/\/schema.org","@graph":[{"@type":"WebPage","@id":"https:\/\/wins-me.com\/it\/chi-siamo\/","url":"https:\/\/wins-me.com\/it\/chi-siamo\/","name":"Chi siamo - Wins Me","isPartOf":{"@id":"https:\/\/wins-me.com\/it\/#website"},"primaryImageOfPage":{"@id":"https:\/\/wins-me.com\/it\/chi-siamo\/#primaryimage"},"image":{"@id":"https:\/\/wins-me.com\/it\/chi-siamo\/#primaryimage"},"thumbnailUrl":"http:\/\/winsme.kinsta.cloud\/wp-content\/uploads\/2020\/12\/barretta-oro.jpg","datePublished":"2021-05-05T12:26:25+00:00","dateModified":"2021-07-23T14:41:59+00:00","breadcrumb":{"@id":"https:\/\/wins-me.com\/it\/chi-siamo\/#breadcrumb"},"inLanguage":"it-IT","potentialAction":[{"@type":"ReadAction","target":["https:\/\/wins-me.com\/it\/chi-siamo\/"]}]},{"@type":"ImageObject","inLanguage":"it-IT","@id":"https:\/\/wins-me.com\/it\/chi-siamo\/#primaryimage","url":"http:\/\/winsme.kinsta.cloud\/wp-content\/uploads\/2020\/12\/barretta-oro.jpg","contentUrl":"http:\/\/winsme.kinsta.cloud\/wp-content\/uploads\/2020\/12\/barretta-oro.jpg"},{"@type":"BreadcrumbList","@id":"https:\/\/wins-me.com\/it\/chi-siamo\/#breadcrumb","itemListElement":[{"@type":"ListItem","position":1,"name":"Home","item":"https:\/\/wins-me.com\/it\/"},{"@type":"ListItem","position":2,"name":"Chi siamo"}]},{"@type":"WebSite","@id":"https:\/\/wins-me.com\/it\/#website","url":"https:\/\/wins-me.com\/it\/","name":"Wins Me","description":"Outstanding IB DP Revision Courses Distinguished IB BP Teachers On-site &amp; Online Classes","potentialAction":[{"@type":"SearchAction","target":{"@type":"EntryPoint","urlTemplate":"https:\/\/wins-me.com\/it\/?s={search_term_string}"},"query-input":{"@type":"PropertyValueSpecification","valueRequired":true,"valueName":"search_term_string"}}],"inLanguage":"it-IT"}]}},"_links":{"self":[{"href":"https:\/\/wins-me.com\/it\/wp-json\/wp\/v2\/pages\/688","targetHints":{"allow":["GET"]}}],"collection":[{"href":"https:\/\/wins-me.com\/it\/wp-json\/wp\/v2\/pages"}],"about":[{"href":"https:\/\/wins-me.com\/it\/wp-json\/wp\/v2\/types\/page"}],"author":[{"embeddable":true,"href":"https:\/\/wins-me.com\/it\/wp-json\/wp\/v2\/users\/4"}],"replies":[{"embeddable":true,"href":"https:\/\/wins-me.com\/it\/wp-json\/wp\/v2\/comments?post=688"}],"version-history":[{"count":8,"href":"https:\/\/wins-me.com\/it\/wp-json\/wp\/v2\/pages\/688\/revisions"}],"predecessor-version":[{"id":1873,"href":"https:\/\/wins-me.com\/it\/wp-json\/wp\/v2\/pages\/688\/revisions\/1873"}],"wp:attachment":[{"href":"https:\/\/wins-me.com\/it\/wp-json\/wp\/v2\/media?parent=688"}],"curies":[{"name":"wp","href":"https:\/\/api.w.org\/{rel}","templated":true}]}}